{"id":781,"date":"2015-06-12T11:19:26","date_gmt":"2015-06-12T09:19:26","guid":{"rendered":"https:\/\/hubert-hunting.plindex.php\/polowania-zbiorowe\/?lang=de"},"modified":"2018-05-10T11:12:54","modified_gmt":"2018-05-10T09:12:54","slug":"polowania-zbiorowe","status":"publish","type":"page","link":"https:\/\/hubert-hunting.pl\/index.php\/polowania-zbiorowe\/?lang=de","title":{"rendered":"Treibjagd"},"content":{"rendered":"<div id=\"pl-781\"  class=\"panel-layout\" ><div id=\"pg-781-0\"  class=\"panel-grid panel-has-style\" ><div style=\"padding: 100px 0; \" class=\"panel-row-style panel-row-style-for-781-0\" ><div id=\"pgc-781-0-0\"  class=\"panel-grid-cell panel-grid-cell-empty\" ><\/div><div id=\"pgc-781-0-1\"  class=\"panel-grid-cell\" ><div id=\"panel-781-0-1-0\" class=\"so-panel widget widget_black-studio-tinymce widget_black_studio_tinymce panel-first-child panel-last-child\" data-index=\"0\" ><div class=\"textwidget\"><h2 style=\"text-align: left;\"><\/h2>\n<h2 style=\"text-align: left;\">Treibjagd<\/h2>\n<p><strong>Die Treibjagd beginnt in Polen am 01. Oktober und dauert bis zum 15. Januar. Wir organisieren Treibjagden mit Hunden und Treiber auf Schwarzwild, Damwild, Rehwild und Rotwild.<\/strong><\/p>\n<p>Der Aufenthalt beginnt am Nachmittag mit der Ankunft der J\u00e4ger in Unterkunft und dem Abendessen. Anschlie\u00dfend folgt das Treffen mit dem Pilot- Dolmetscher und mit dem Vertreter des Jagdreviers um die Einzelheiten, Sicherheitsregeln der Jagd und Vertragsbedingungen zu besprechen. Die Jagd beginnt am Morgen um etwa 8 Uhr, bei den Jagdhornbl\u00e4ser, wenn m\u00f6glich.<\/p>\n<p>Dann folgt Verlosung der St\u00e4nde. Die Jagd dauert bis zum etwa 12 Uhr\/ 4-5 Treiben mit Treiber und Jagdhunden. Die Mittagspause-eine warme Mahlzeit im Gr\u00fcnen. Um etwa 12:30 beginnt der zweite Teil der Jagd und dauert bis zum etwa 16 Uhr, je nach Wetter. Nachdem die Strecke gelegt und der Jagdk\u00f6nig mit seinem Vize gew\u00e4hlt wird, endet die Jagd traditionell mit Jagdhornklang.<\/p>\n<p>Wir veranstalten auch die Treibjagd auf Wildv\u00f6gel: Fasane, Wildg\u00e4nse, Wildenten. Wir organisieren die Jagd sowohl nach der \u201ePreisliste Hubert-Hunting Jagdreisen\u201c ( Aufenthalt, Jagdorganisation und erlegtes Wild nach Preisliste) als auch \u201ePauschalpreis\u201c ( Aufenthalt, Jagdorganisation, erlegtes Wild im Preis inbegriffen). Die H\u00f6he der Geb\u00fchr wird vor der Voucher- Ausstellung mit Jagdaus\u00fcbungsberechtigtem des Jagdreviers und dem Kunden bestimmt.<\/p>\n<p><strong>Die Veranstaltung der Treibjagd umfasst:<\/strong><\/p>\n<ul>\n<li>die Vorbereitung und Abgrenzung des Reviers,<\/li>\n<li>die Versorgung der Jagdhunde und Treiber,<\/li>\n<li>Transport im Jagdrevier w\u00e4hrend der Jagd,<\/li>\n<li>die Strecke und die Wahl des Jagdk\u00f6nigs, Vize K\u00f6nigs, die Andenken,<\/li>\n<li>die Bewertung und Pr\u00e4paration der Troph\u00e4en,<\/li>\n<li>warme Mahlzeit w\u00e4hrend der Jagd im Gr\u00fcnen,<\/li>\n<li>Abschuss des bestellenden Wildes.<\/li>\n<\/ul>\n<p>Mailen Sie mit uns, f\u00fcllen Sie das Anmeldeformular auf unserer Webseite <a href=\"\/index.php\/zamowienie-polowania\/?lang=de\">www.hubert-hunting.pl<\/a>. aus oder telefonieren Sie mit uns, wenn Sie Interesse an unser Angebot haben. Wir stehen Ihnen zur Verf\u00fcgung und antworten gerne auf Ihre Anfrage. Unsere Preisliste ist das ganze Saison lang g\u00fcltig und gleich.<\/p>\n<p>Sind Sie mit unseren Jagdbedingungen einverstanden, zahlen Sie einen Vorschuss auf unser Konto Hubert- Hunting Jagdreisen und schicken Sie uns die J\u00e4gerliste. Erst dann stellen wir den Voucher aus.<\/p>\n<p>Die Abrechnung der Jagd von den drei beteiligten Parteien (dem Vertreter des Jagdreviers, dem ausl\u00e4ndischen Kunden und dem Vertreter des Jagdreisen- Pilot-Dolmetscher) folgt nach der aktuellen Preisliste und gem\u00e4\u00df dem unterschriebenen Protokolls.<\/p>\n<p>Wir passen unser Angebot Ihren Bed\u00fcrfnissen und M\u00f6glichkeiten an. Eine reiche Basis der Jagdreviere, mit denen wir zusammenarbeiten, erm\u00f6glicht uns professionelle und unvergessliche Jagden vorzubereiten.<\/p>\n<p>Wir holen auch unsere G\u00e4ste nach Verabredung vom Flughafen in Polen ab.<\/p>\n<\/div><\/div><\/div><div id=\"pgc-781-0-2\"  class=\"panel-grid-cell panel-grid-cell-mobile-last\" ><div id=\"panel-781-0-2-0\" class=\"so-panel widget widget_black-studio-tinymce widget_black_studio_tinymce panel-first-child panel-last-child\" data-index=\"1\" ><div class=\"panel-widget-style panel-widget-style-for-781-0-2-0\" ><div class=\"textwidget\"><div style=\"margin-top: 50px;\">\n<p style=\"text-align: center;\"><img loading=\"lazy\" decoding=\"async\" class=\"wp-image-248 size-full alignleft\" src=\"https:\/\/hubert-hunting.pl\/wp-content\/uploads\/2015\/06\/hubert_03.png\" alt=\"hubert_03\" width=\"99\" height=\"99\" \/><\/p>\n<p style=\"text-align: left;\"><strong>ROTWILD<br \/>\n<\/strong><strong>Hirsch:<\/strong> vom 21. August bis zum Ende Februar<br \/>\n<strong>Tier:<\/strong> vom 1. September bis zum 15. Januar<br \/>\n<strong>Kalb:<\/strong> vom 1. September bis zum Ende Februar<\/p>\n<\/div>\n<div style=\"margin-top: 50px; text-align: left; clear: both;\">\n<p style=\"text-align: center;\"><img loading=\"lazy\" decoding=\"async\" class=\" wp-image-249 size-full alignleft\" src=\"https:\/\/hubert-hunting.pl\/wp-content\/uploads\/2015\/06\/hubert_05.png\" alt=\"hubert_05\" width=\"101\" height=\"99\" \/><\/p>\n<p style=\"text-align: left;\"><strong>DAMWILD<br \/>\n<\/strong><strong>Hirsch:<\/strong> vom 1. September bis zum Ende Februar<br \/>\n<strong>Tier:<\/strong> vom 1. September bis zum 15 Januar<br \/>\n<strong>Kalb:<\/strong> vom 1. September bis zum Ende Februar<\/p>\n<\/div>\n<div style=\"margin-top: 50px; text-align: left; clear: both;\">\n<p style=\"text-align: center;\"><img loading=\"lazy\" decoding=\"async\" class=\" wp-image-250 size-full alignleft\" src=\"https:\/\/hubert-hunting.pl\/wp-content\/uploads\/2015\/06\/hubert_07.png\" alt=\"hubert_07\" width=\"99\" height=\"99\" \/><\/p>\n<p style=\"text-align: left;\"><strong>REHWILD<br \/>\n<\/strong><strong>Bock:<\/strong> vom 11. Mai bis zum 30. September<br \/>\n<strong>Ricke, Kitz:<\/strong> vom 1. Oktober bis zum 15. Januar<\/p>\n<\/div>\n<div style=\"margin-top: 50px; text-align: left; clear: both;\">\n<p style=\"text-align: center;\"><img loading=\"lazy\" decoding=\"async\" class=\" wp-image-251 size-full alignleft\" src=\"https:\/\/hubert-hunting.pl\/wp-content\/uploads\/2015\/06\/hubert_12.png\" alt=\"hubert_12\" width=\"99\" height=\"100\" \/><\/p>\n<p style=\"text-align: left;\"><strong>SCHWARZWILD<br \/>\n<\/strong><strong>Bachen, Keiler, \u00dcberl\u00e4ufer, Frischlinge:<\/strong> das ganze Jahr lang<\/p>\n<\/div>\n<div style=\"margin-top: 50px; text-align: left; clear: both;\">\n<p style=\"text-align: center;\"><a href=\"https:\/\/hubert-hunting.pl\/wp-content\/uploads\/2015\/06\/hubert_13.png\" class=\"thickbox no_icon\"><img loading=\"lazy\" decoding=\"async\" class=\" size-full wp-image-252 alignleft\" src=\"https:\/\/hubert-hunting.pl\/wp-content\/uploads\/2015\/06\/hubert_13.png\" alt=\"hubert_13\" width=\"101\" height=\"100\" \/><\/a><\/p>\n<p style=\"text-align: left;\"><strong>DACHS<br \/>\n<\/strong>vom 01.September bis zum 30.November<\/p>\n<p style=\"text-align: left;\">\n<\/div>\n<div style=\"margin-top: 70px; text-align: left; clear: both;\"><img loading=\"lazy\" decoding=\"async\" class=\" wp-image-253 alignleft\" src=\"https:\/\/hubert-hunting.pl\/wp-content\/uploads\/2015\/06\/hubert_14.png\" alt=\"hubert_14\" width=\"98\" height=\"99\" \/><br \/>\n<strong>F\u00dcCHSE<br \/>\n<\/strong>vom 01. Juni bis zum 31. Marz<\/div>\n<div style=\"margin-top: 50px; margin-bottom: 50px; text-align: left; clear: both;\">\n<p style=\"text-align: center;\"><img loading=\"lazy\" decoding=\"async\" class=\" wp-image-254 size-full alignleft\" src=\"https:\/\/hubert-hunting.pl\/wp-content\/uploads\/2015\/06\/hubert_18.png\" alt=\"hubert_18\" width=\"99\" height=\"99\" \/><\/p>\n<p style=\"text-align: left;\"><strong>MARDERHUND<br \/>\n<\/strong>das ganze Jahr lang<\/p>\n<p style=\"text-align: left;\">\n<\/div>\n<div style=\"margin-top: 70px; margin-bottom: 50px; text-align: left; clear: both;\">\n<p style=\"text-align: center;\"><img loading=\"lazy\" decoding=\"async\" class=\" wp-image-256 size-full alignleft\" src=\"https:\/\/hubert-hunting.pl\/wp-content\/uploads\/2015\/06\/hubert_21.png\" alt=\"hubert_21\" width=\"99\" height=\"99\" \/><\/p>\n<p style=\"text-align: left;\"><strong>WILDG\u00c4NSE<br \/>\n<\/strong>vom 15.August bis zum 21. Dezember<\/p>\n<\/div>\n<\/div><\/div><\/div><\/div><div id=\"pgc-781-0-3\"  class=\"panel-grid-cell panel-grid-cell-empty\" ><\/div><\/div><\/div><div id=\"pg-781-1\"  class=\"panel-grid panel-has-style\" ><div style=\"padding: 100px 0; \" class=\"panel-row-style panel-row-style-for-781-1\" ><div id=\"pgc-781-1-0\"  class=\"panel-grid-cell\" ><div id=\"panel-781-1-0-0\" class=\"so-panel widget widget_black-studio-tinymce widget_black_studio_tinymce panel-first-child panel-last-child\" data-index=\"2\" ><div class=\"panel-widget-style panel-widget-style-for-781-1-0-0\" ><div class=\"textwidget\"><h2 style=\"text-align: center;\"><span style=\"color: #ffffff;\">Es ist Jagdzeit<\/span><br \/>\n<span style=\"color: #ffffff;\">z\u00f6gere nicht<\/span><\/h2>\n<p style=\"text-align: center;\"><a class=\"roll-button button-slider\" href=\".\/index.php\/zamowienie-polowania\/?lang=de\">Komm mit<\/a><\/p>\n<p>&nbsp;<\/p>\n<\/div><\/div><\/div><\/div><\/div><\/div><\/div>","protected":false},"excerpt":{"rendered":"<p>Treibjagd Die Treibjagd beginnt in Polen am 01. Oktober und dauert bis zum 15. Januar. Wir organisieren Treibjagden mit Hunden und Treiber auf Schwarzwild, Damwild, Rehwild und Rotwild. Der Aufenthalt beginnt am Nachmittag mit der Ankunft der J\u00e4ger in Unterkunft und dem Abendessen. Anschlie\u00dfend folgt das Treffen mit dem Pilot- Dolmetscher und mit dem Vertreter [&hellip;]<\/p>\n","protected":false},"author":1,"featured_media":0,"parent":0,"menu_order":0,"comment_status":"closed","ping_status":"closed","template":"","meta":{"footnotes":""},"class_list":["post-781","page","type-page","status-publish","hentry"],"aioseo_notices":[],"_links":{"self":[{"href":"https:\/\/hubert-hunting.pl\/index.php\/wp-json\/wp\/v2\/pages\/781","targetHints":{"allow":["GET"]}}],"collection":[{"href":"https:\/\/hubert-hunting.pl\/index.php\/wp-json\/wp\/v2\/pages"}],"about":[{"href":"https:\/\/hubert-hunting.pl\/index.php\/wp-json\/wp\/v2\/types\/page"}],"author":[{"embeddable":true,"href":"https:\/\/hubert-hunting.pl\/index.php\/wp-json\/wp\/v2\/users\/1"}],"replies":[{"embeddable":true,"href":"https:\/\/hubert-hunting.pl\/index.php\/wp-json\/wp\/v2\/comments?post=781"}],"version-history":[{"count":32,"href":"https:\/\/hubert-hunting.pl\/index.php\/wp-json\/wp\/v2\/pages\/781\/revisions"}],"predecessor-version":[{"id":1381,"href":"https:\/\/hubert-hunting.pl\/index.php\/wp-json\/wp\/v2\/pages\/781\/revisions\/1381"}],"wp:attachment":[{"href":"https:\/\/hubert-hunting.pl\/index.php\/wp-json\/wp\/v2\/media?parent=781"}],"curies":[{"name":"wp","href":"https:\/\/api.w.org\/{rel}","templated":true}]}}