{"id":739,"date":"2015-06-04T10:26:55","date_gmt":"2015-06-04T08:26:55","guid":{"rendered":"https:\/\/hubert-hunting.plindex.php\/przykladowa-strona\/?lang=de"},"modified":"2025-11-21T10:15:25","modified_gmt":"2025-11-21T09:15:25","slug":"przykladowa-strona","status":"publish","type":"page","link":"https:\/\/hubert-hunting.pl\/index.php\/przykladowa-strona\/?lang=de","title":{"rendered":"Hauptseite"},"content":{"rendered":"<div id=\"pl-739\"  class=\"panel-layout\" ><div id=\"pg-739-0\"  class=\"panel-grid panel-has-style\" ><div style=\"padding: 100px 0; \" class=\"panel-row-style panel-row-style-for-739-0\" ><div id=\"pgc-739-0-0\"  class=\"panel-grid-cell panel-grid-cell-empty\" ><\/div><div id=\"pgc-739-0-1\"  class=\"panel-grid-cell\" ><div id=\"panel-739-0-1-0\" class=\"so-panel widget widget_black-studio-tinymce widget_black_studio_tinymce panel-first-child panel-last-child\" data-index=\"0\" ><div class=\"panel-widget-style panel-widget-style-for-739-0-1-0\" ><div class=\"textwidget\"><div class=\"mar\" style=\"margin-bottom: 70px; margin-top: 70px;\"><a href=\".\/index.php\/polowania-indywidualne\/?lang=de\/\"><img loading=\"lazy\" decoding=\"async\" class=\"aligncenter wp-image-106\" src=\"https:\/\/hubert-hunting.pl\/wp-content\/uploads\/2015\/06\/ico_indywidualne.png\" alt=\"\" width=\"90\" height=\"90\" \/><\/a><\/p>\n<h6 class=\"widget-title\" style=\"text-align: center;\"><a href=\".\/index.php\/polowania-indywidualne\/?lang=de\/\">Einzeljagd<\/a><\/h6>\n<p style=\"text-align: center;\"><span class=\"_5yl5\" data-reactid=\".aq.$mid=11436874050994=2606698b9df2b296118.2:0.0.0.0.0\"><span data-reactid=\".aq.$mid=11436874050994=2606698b9df2b296118.2:0.0.0.0.0.0\">Einzeljagd ist f\u00fcr anspruchsvolle J\u00e4ger.  Bei der Einzeljagd nehmen wir alle W\u00fcnsche des einzelnen Kunden in Anspruch. W\u00e4hlst Du diese Jagdart, bekommst Du genau das, was Du Dir w\u00fcnschst.<\/span><\/span><\/p>\n<\/div>\n<\/div><\/div><\/div><\/div><div id=\"pgc-739-0-2\"  class=\"panel-grid-cell\" ><div id=\"panel-739-0-2-0\" class=\"so-panel widget widget_black-studio-tinymce widget_black_studio_tinymce panel-first-child panel-last-child\" data-index=\"1\" ><div class=\"panel-widget-style panel-widget-style-for-739-0-2-0\" ><div class=\"textwidget\"><div class=\"mar\" style=\"margin-bottom: 70px; margin-top: 70px;\"><a href=\".\/index.php\/polowania-zbiorowe\/?lang=de\/\"><img loading=\"lazy\" decoding=\"async\" class=\" wp-image-104 size-full aligncenter\" src=\"https:\/\/hubert-hunting.pl\/wp-content\/uploads\/2015\/06\/ico_zbiorowe.png\" alt=\"\" width=\"90\" height=\"90\" \/><\/a><\/p>\n<h6 class=\"widget-title\" style=\"text-align: center;\"><a href=\".\/index.php\/polowania-zbiorowe\/?lang=de\/\">Treibjagd<\/a><\/h6>\n<p style=\"text-align: center;\"><span class=\"_5yl5\" data-reactid=\".aq.$mid=11436874050994=2606698b9df2b296118.2:0.0.0.0.0\"><span data-reactid=\".aq.$mid=11436874050994=2606698b9df2b296118.2:0.0.0.0.0.0\">Magst Du in Gesellschaft jagen? W\u00e4hle die Treibjagd! Abends am Kamin sitzen und sich \u00fcber die erfolgreiche Jagd unterhalten, gibt es Etwas Sch\u00f6neres?<\/span><\/span><\/p>\n<\/div>\n<\/div><\/div><\/div><\/div><div id=\"pgc-739-0-3\"  class=\"panel-grid-cell panel-grid-cell-mobile-last\" ><div id=\"panel-739-0-3-0\" class=\"so-panel widget widget_black-studio-tinymce widget_black_studio_tinymce panel-first-child panel-last-child\" data-index=\"2\" ><div class=\"panel-widget-style panel-widget-style-for-739-0-3-0\" ><div class=\"textwidget\"><div class=\"mar\" style=\"margin-bottom: 70px; margin-top: 70px;\"><a href=\".\/index.php\/polowania-ryczaltowe\/?lang=de\/\"><img loading=\"lazy\" decoding=\"async\" class=\" wp-image-104 size-full aligncenter\" src=\"https:\/\/hubert-hunting.pl\/wp-content\/uploads\/2015\/06\/ico_ryczalt.png\" alt=\"\" width=\"90\" height=\"90\" \/><\/a><\/p>\n<h6 class=\"widget-title\" style=\"text-align: center;\"><a href=\".\/index.php\/polowania-ryczaltowe\/?lang=de\/\">Pauschaljagd<\/a><\/h6>\n<p style=\"text-align: center;\"><span class=\"_5yl5\" data-reactid=\".aq.$mid=11436874050994=2606698b9df2b296118.2:0.0.0.0.0\"><span data-reactid=\".aq.$mid=11436874050994=2606698b9df2b296118.2:0.0.0.0.0.0\">Bezahle ein Mal und jage in beliebiger Jagdzeit und beliebig viele Tiere. Zur Verf\u00fcgung haben wir die besten Jagdreviere, die besten Jagdf\u00fchrer und eine Menge vom Wild.<\/span><\/span><\/p>\n<\/div>\n<\/div><\/div><\/div><\/div><div id=\"pgc-739-0-4\"  class=\"panel-grid-cell panel-grid-cell-empty\" ><\/div><\/div><\/div><div id=\"pg-739-1\"  class=\"panel-grid panel-has-style\" ><div style=\"padding: 100px 0; \" class=\"panel-row-style panel-row-style-for-739-1\" ><div id=\"pgc-739-1-0\"  class=\"panel-grid-cell\" ><div id=\"panel-739-1-0-0\" class=\"so-panel widget widget_black-studio-tinymce widget_black_studio_tinymce panel-first-child panel-last-child\" data-index=\"3\" ><div class=\"panel-widget-style panel-widget-style-for-739-1-0-0\" ><div class=\"textwidget\"><h2 style=\"text-align: center;\"><span style=\"color: #ffffff;\">Es ist Jagdzeit<\/span><br \/>\n<span style=\"color: #ffffff;\">z\u00f6gere nicht<\/span><\/h2>\n<p style=\"text-align: center;\"><a class=\"roll-button button-slider\" href=\".\/index.php\/zamowienie-polowania\/?lang=de\/\">Komm mit<\/a><\/p>\n<p>&nbsp;<\/p>\n<\/div><\/div><\/div><\/div><\/div><\/div><div id=\"pg-739-2\"  class=\"panel-grid panel-has-style\" ><div style=\"padding: 100px 0; \" class=\"panel-row-style panel-row-style-for-739-2\" ><div id=\"pgc-739-2-0\"  class=\"panel-grid-cell panel-grid-cell-empty\" ><\/div><div id=\"pgc-739-2-1\"  class=\"panel-grid-cell\" ><div id=\"panel-739-2-1-0\" class=\"so-panel widget widget_black-studio-tinymce widget_black_studio_tinymce panel-first-child panel-last-child\" data-index=\"4\" ><div class=\"panel-widget-style panel-widget-style-for-739-2-1-0\" ><div class=\"textwidget\"><div id=\"mar\" style=\"margin-top: 30px;\">\n<h3 class=\"widget-title\">\u00dcber uns<\/h3>\n<div class=\"text\" style=\"text-align: center;\">Hubert Hunting  ist ein polnisches Jagdb\u00fcro, das Jagdveranstaltungen in Polen und in anderen europ\u00e4ischen L\u00e4ndern anbietet. Unser Jagdb\u00fcro wurde f\u00fcr Menschen, f\u00fcr die die Jagd eine Leidenschaft und eine beliebte Form der Freizeitgestaltung ist, gegr\u00fcndet. <\/div>\n<div class=\"text\" style=\"margin-top: 50px; text-align: left;\"><\/div>\n<p style=\"text-align: center;\"><a class=\"roll-button button-slider\" href=\"https:\/\/hubert-hunting.pl\/index.php\/o-nas\/?lang=de\/\">Erfahre mehr dar\u00fcber!<\/a><\/p>\n<\/div>\n<\/div><\/div><\/div><\/div><div id=\"pgc-739-2-2\"  class=\"panel-grid-cell panel-grid-cell-mobile-last\" ><div id=\"panel-739-2-2-0\" class=\"so-panel widget widget_black-studio-tinymce widget_black_studio_tinymce panel-first-child panel-last-child\" data-index=\"5\" ><div class=\"panel-widget-style panel-widget-style-for-739-2-2-0\" ><div class=\"textwidget\"><div id=\"mar\" style=\"margin-bottom: 70px; margin-top: 70px;\"><a href=\"https:\/\/hubert-hunting.pl\/wp-content\/uploads\/2015\/06\/bron.jpg\" class=\"thickbox no_icon\"><img loading=\"lazy\" decoding=\"async\" class=\"alignnone size-full wp-image-592\" src=\"https:\/\/hubert-hunting.pl\/wp-content\/uploads\/2015\/06\/bron.jpg\" alt=\"bron\" width=\"545\" height=\"326\" srcset=\"https:\/\/hubert-hunting.pl\/wp-content\/uploads\/2015\/06\/bron.jpg 545w, https:\/\/hubert-hunting.pl\/wp-content\/uploads\/2015\/06\/bron-300x179.jpg 300w, https:\/\/hubert-hunting.pl\/wp-content\/uploads\/2015\/06\/bron-230x138.jpg 230w\" sizes=\"auto, (max-width: 545px) 100vw, 545px\" \/><\/a><\/div>\n<\/div><\/div><\/div><\/div><div id=\"pgc-739-2-3\"  class=\"panel-grid-cell panel-grid-cell-empty\" ><\/div><\/div><\/div><\/div>","protected":false},"excerpt":{"rendered":"<p>Einzeljagd Einzeljagd ist f\u00fcr anspruchsvolle J\u00e4ger. Bei der Einzeljagd nehmen wir alle W\u00fcnsche des einzelnen Kunden in Anspruch. W\u00e4hlst Du diese Jagdart, bekommst Du genau das, was Du Dir w\u00fcnschst. Treibjagd Magst Du in Gesellschaft jagen? W\u00e4hle die Treibjagd! Abends am Kamin sitzen und sich \u00fcber die erfolgreiche Jagd unterhalten, gibt es Etwas Sch\u00f6neres? Pauschaljagd [&hellip;]<\/p>\n","protected":false},"author":1,"featured_media":0,"parent":0,"menu_order":0,"comment_status":"open","ping_status":"open","template":"","meta":{"footnotes":""},"class_list":["post-739","page","type-page","status-publish","hentry"],"aioseo_notices":[],"_links":{"self":[{"href":"https:\/\/hubert-hunting.pl\/index.php\/wp-json\/wp\/v2\/pages\/739","targetHints":{"allow":["GET"]}}],"collection":[{"href":"https:\/\/hubert-hunting.pl\/index.php\/wp-json\/wp\/v2\/pages"}],"about":[{"href":"https:\/\/hubert-hunting.pl\/index.php\/wp-json\/wp\/v2\/types\/page"}],"author":[{"embeddable":true,"href":"https:\/\/hubert-hunting.pl\/index.php\/wp-json\/wp\/v2\/users\/1"}],"replies":[{"embeddable":true,"href":"https:\/\/hubert-hunting.pl\/index.php\/wp-json\/wp\/v2\/comments?post=739"}],"version-history":[{"count":23,"href":"https:\/\/hubert-hunting.pl\/index.php\/wp-json\/wp\/v2\/pages\/739\/revisions"}],"predecessor-version":[{"id":20096,"href":"https:\/\/hubert-hunting.pl\/index.php\/wp-json\/wp\/v2\/pages\/739\/revisions\/20096"}],"wp:attachment":[{"href":"https:\/\/hubert-hunting.pl\/index.php\/wp-json\/wp\/v2\/media?parent=739"}],"curies":[{"name":"wp","href":"https:\/\/api.w.org\/{rel}","templated":true}]}}