{"id":737,"date":"2015-06-12T11:27:25","date_gmt":"2015-06-12T09:27:25","guid":{"rendered":"https:\/\/hubert-hunting.plindex.php\/polowania-ryczaltowe\/?lang=de"},"modified":"2018-05-10T11:12:01","modified_gmt":"2018-05-10T09:12:01","slug":"polowania-ryczaltowe","status":"publish","type":"page","link":"https:\/\/hubert-hunting.pl\/index.php\/polowania-ryczaltowe\/?lang=de","title":{"rendered":"Pauschaljagd"},"content":{"rendered":"<div id=\"pl-737\"  class=\"panel-layout\" ><div id=\"pg-737-0\"  class=\"panel-grid panel-has-style\" ><div style=\"padding: 100px 0; \" class=\"panel-row-style panel-row-style-for-737-0\" ><div id=\"pgc-737-0-0\"  class=\"panel-grid-cell panel-grid-cell-empty\" ><\/div><div id=\"pgc-737-0-1\"  class=\"panel-grid-cell panel-grid-cell-mobile-last\" ><div id=\"panel-737-0-1-0\" class=\"so-panel widget widget_black-studio-tinymce widget_black_studio_tinymce panel-first-child panel-last-child\" data-index=\"0\" ><div class=\"textwidget\"><h3><\/h3>\n<h3>Pauschaljagd<\/h3>\n<p>Auf Wunsch des Kunden organisieren wir f\u00fcr Sie sowohl Gruppen- als auch Individuelle Jagden- Pauschal. Vor der Jagd besprechen wir alle Vertagsbedingungen und Dienstleistungen mit dem Jagdklub eines Jagdreviers und dem ausl\u00e4ndischen Kunden (Jagdreisen, Jagdgruppe oder Einzelj\u00e4ger). Dann wird Voucher ausgestellt.<\/p>\n<p>&nbsp;<\/p>\n<\/div><\/div><\/div><div id=\"pgc-737-0-2\"  class=\"panel-grid-cell panel-grid-cell-empty\" ><\/div><\/div><\/div><div id=\"pg-737-1\"  class=\"panel-grid panel-has-style\" ><div style=\"padding: 100px 0; \" class=\"panel-row-style panel-row-style-for-737-1\" ><div id=\"pgc-737-1-0\"  class=\"panel-grid-cell\" ><div id=\"panel-737-1-0-0\" class=\"so-panel widget widget_black-studio-tinymce widget_black_studio_tinymce panel-first-child panel-last-child\" data-index=\"1\" ><div class=\"panel-widget-style panel-widget-style-for-737-1-0-0\" ><div class=\"textwidget\"><h2 style=\"text-align: center;\"><span style=\"color: #ffffff;\">Es ist Jagdzeit<\/span><br \/>\n<span style=\"color: #ffffff;\">z\u00f6gere nicht<\/span><\/h2>\n<p style=\"text-align: center;\"><a class=\"roll-button button-slider\" href=\".\/index.php\/zamowienie-polowania\/?lang=de\">Komm mit<\/a><\/p>\n<p>&nbsp;<\/p>\n<\/div><\/div><\/div><\/div><\/div><\/div><\/div>","protected":false},"excerpt":{"rendered":"<p>Pauschaljagd Auf Wunsch des Kunden organisieren wir f\u00fcr Sie sowohl Gruppen- als auch Individuelle Jagden- Pauschal. Vor der Jagd besprechen wir alle Vertagsbedingungen und Dienstleistungen mit dem Jagdklub eines Jagdreviers und dem ausl\u00e4ndischen Kunden (Jagdreisen, Jagdgruppe oder Einzelj\u00e4ger). Dann wird Voucher ausgestellt. &nbsp; Es ist Jagdzeit z\u00f6gere nicht Komm mit &nbsp;<\/p>\n","protected":false},"author":1,"featured_media":0,"parent":0,"menu_order":0,"comment_status":"closed","ping_status":"closed","template":"","meta":{"footnotes":""},"class_list":["post-737","page","type-page","status-publish","hentry"],"aioseo_notices":[],"_links":{"self":[{"href":"https:\/\/hubert-hunting.pl\/index.php\/wp-json\/wp\/v2\/pages\/737","targetHints":{"allow":["GET"]}}],"collection":[{"href":"https:\/\/hubert-hunting.pl\/index.php\/wp-json\/wp\/v2\/pages"}],"about":[{"href":"https:\/\/hubert-hunting.pl\/index.php\/wp-json\/wp\/v2\/types\/page"}],"author":[{"embeddable":true,"href":"https:\/\/hubert-hunting.pl\/index.php\/wp-json\/wp\/v2\/users\/1"}],"replies":[{"embeddable":true,"href":"https:\/\/hubert-hunting.pl\/index.php\/wp-json\/wp\/v2\/comments?post=737"}],"version-history":[{"count":10,"href":"https:\/\/hubert-hunting.pl\/index.php\/wp-json\/wp\/v2\/pages\/737\/revisions"}],"predecessor-version":[{"id":1375,"href":"https:\/\/hubert-hunting.pl\/index.php\/wp-json\/wp\/v2\/pages\/737\/revisions\/1375"}],"wp:attachment":[{"href":"https:\/\/hubert-hunting.pl\/index.php\/wp-json\/wp\/v2\/media?parent=737"}],"curies":[{"name":"wp","href":"https:\/\/api.w.org\/{rel}","templated":true}]}}