{"id":726,"date":"2015-06-04T11:29:46","date_gmt":"2015-06-04T09:29:46","guid":{"rendered":"https:\/\/hubert-hunting.plindex.php\/o-nas\/?lang=de"},"modified":"2018-05-10T10:32:41","modified_gmt":"2018-05-10T08:32:41","slug":"o-nas","status":"publish","type":"page","link":"https:\/\/hubert-hunting.pl\/index.php\/o-nas\/?lang=de","title":{"rendered":"\u00dcber uns"},"content":{"rendered":"<div id=\"pl-726\"  class=\"panel-layout\" ><div id=\"pg-726-0\"  class=\"panel-grid panel-has-style\" ><div style=\"padding: 100px 0; \" class=\"panel-row-style panel-row-style-for-726-0\" ><div id=\"pgc-726-0-0\"  class=\"panel-grid-cell panel-grid-cell-empty\" ><\/div><div id=\"pgc-726-0-1\"  class=\"panel-grid-cell panel-grid-cell-mobile-last\" ><div id=\"panel-726-0-1-0\" class=\"so-panel widget widget_black-studio-tinymce widget_black_studio_tinymce panel-first-child panel-last-child\" data-index=\"0\" ><div class=\"textwidget\"><div class=\"textp\">\n<h2><\/h2>\n<h2 style=\"text-align: center;\">\u00dcber uns<\/h2>\n<\/div>\n<p style=\"text-align: center;\"><strong>J\u00e4gerei ist unsere Leidenschaft und hat in unserer Familie eine lange Tradition.<br \/>\n<\/strong><strong> Wir besch\u00e4ftigen uns mit Jagdorganisation in unserer sch\u00f6nen Gegend,<br \/>\ndadurch lassen wir die Tr\u00e4ume in Erf\u00fcllung gehen.<\/strong><\/p>\n<p><\/p>\n<\/div><\/div><\/div><div id=\"pgc-726-0-2\"  class=\"panel-grid-cell panel-grid-cell-empty\" ><\/div><\/div><\/div><div id=\"pg-726-1\"  class=\"panel-grid panel-has-style\" ><div style=\"padding: 100px 0; \" class=\"panel-row-style panel-row-style-for-726-1\" ><div id=\"pgc-726-1-0\"  class=\"panel-grid-cell panel-grid-cell-empty\" ><\/div><div id=\"pgc-726-1-1\"  class=\"panel-grid-cell\" ><div id=\"panel-726-1-1-0\" class=\"so-panel widget widget_black-studio-tinymce widget_black_studio_tinymce panel-first-child panel-last-child\" data-index=\"1\" ><div class=\"panel-widget-style panel-widget-style-for-726-1-1-0\" ><div class=\"textwidget\"><p align=\"JUSTIFY\"><img loading=\"lazy\" decoding=\"async\" class=\"alignleft wp-image-296 size-full\" style=\"float-left;margin-bottom: 40px;\" src=\"https:\/\/hubert-hunting.pl\/wp-content\/uploads\/2015\/06\/hubert2_03.png\" alt=\"hubert(2)_03\" width=\"66\" height=\"66\" \/>Hubert-Hunting Jagdreisen besch\u00e4ftigt sich mit Jagdveranstaltung in Westpolen. Hubert-Hunting Jagdreisen wurde f\u00fcr Menschen  gegr\u00fcndet,  f\u00fcr die die Jagd eine Leidenschaft und eine beliebte Form der Freizeitgestaltung ist.<\/p>\n<\/div><\/div><\/div><\/div><div id=\"pgc-726-1-2\"  class=\"panel-grid-cell panel-grid-cell-mobile-last\" ><div id=\"panel-726-1-2-0\" class=\"so-panel widget widget_black-studio-tinymce widget_black_studio_tinymce panel-first-child panel-last-child\" data-index=\"2\" ><div class=\"panel-widget-style panel-widget-style-for-726-1-2-0\" ><div class=\"textwidget\"><p align=\"JUSTIFY\"><img loading=\"lazy\" decoding=\"async\" class=\"alignleft wp-image-297 size-full\" style=\"float-left;margin-bottom: 40px;\" src=\"https:\/\/hubert-hunting.pl\/wp-content\/uploads\/2015\/06\/hubert2_06.png\" alt=\"hubert(2)_06\" width=\"66\" height=\"66\" \/>Wir organisieren individuelle Jagden, sowie Dr\u00fcckjagden auf Schwarzwild, Damwild, Rehwild und Rotwild.<\/p>\n<\/div><\/div><\/div><\/div><div id=\"pgc-726-1-3\"  class=\"panel-grid-cell panel-grid-cell-empty\" ><\/div><\/div><\/div><div id=\"pg-726-2\"  class=\"panel-grid panel-has-style\" ><div style=\"padding: 100px 0; \" class=\"panel-row-style panel-row-style-for-726-2\" ><div id=\"pgc-726-2-0\"  class=\"panel-grid-cell panel-grid-cell-empty\" ><\/div><div id=\"pgc-726-2-1\"  class=\"panel-grid-cell\" ><div id=\"panel-726-2-1-0\" class=\"so-panel widget widget_black-studio-tinymce widget_black_studio_tinymce panel-first-child panel-last-child\" data-index=\"3\" ><div class=\"panel-widget-style panel-widget-style-for-726-2-1-0\" ><div class=\"textwidget\"><p align=\"JUSTIFY\"><img loading=\"lazy\" decoding=\"async\" class=\"alignleft wp-image-298 size-full\" style=\"float-left;margin-bottom: 40px;\" src=\"https:\/\/hubert-hunting.pl\/wp-content\/uploads\/2015\/06\/hubert2_10.png\" alt=\"hubert(2)_10\" width=\"66\" height=\"66\" \/>Wir sind J\u00e4ger mit jahrelanger Erfahrung. Wir bieten unseren G\u00e4sten unvergessliche Erlebnisse in der reinen und wilden Gegend der Pommerschen Seenplatte in Westpolen, wo die besten Jagdreviere vorkommen.<\/p>\n<\/div><\/div><\/div><\/div><div id=\"pgc-726-2-2\"  class=\"panel-grid-cell panel-grid-cell-mobile-last\" ><div id=\"panel-726-2-2-0\" class=\"so-panel widget widget_black-studio-tinymce widget_black_studio_tinymce panel-first-child panel-last-child\" data-index=\"4\" ><div class=\"panel-widget-style panel-widget-style-for-726-2-2-0\" ><div class=\"textwidget\"><p align=\"JUSTIFY\"><img loading=\"lazy\" decoding=\"async\" class=\"alignleft wp-image-299 size-full\" style=\"float-left;margin-bottom: 40px;\" src=\"https:\/\/hubert-hunting.pl\/wp-content\/uploads\/2015\/06\/hubert2_12.png\" alt=\"hubert(2)_12\" width=\"66\" height=\"66\" \/>Wir garantieren unvergessliche Erlebnisse.<br \/>\nEhrlichkeit, freundliche Atmosph\u00e4re und Professionalit\u00e4t sind unsere Priorit\u00e4ten.<br \/>\nWir laden Sie herzlichst ein. Seien Sie unser Gast und jagen Sie mit uns!<\/p>\n<\/div><\/div><\/div><\/div><div id=\"pgc-726-2-3\"  class=\"panel-grid-cell panel-grid-cell-empty\" ><\/div><\/div><\/div><div id=\"pg-726-3\"  class=\"panel-grid panel-has-style\" ><div style=\"padding: 100px 0; \" class=\"panel-row-style panel-row-style-for-726-3\" ><div id=\"pgc-726-3-0\"  class=\"panel-grid-cell panel-grid-cell-empty\" ><\/div><div id=\"pgc-726-3-1\"  class=\"panel-grid-cell\" ><div id=\"panel-726-3-1-0\" class=\"so-panel widget widget_black-studio-tinymce widget_black_studio_tinymce panel-first-child panel-last-child\" data-index=\"5\" ><div class=\"panel-widget-style panel-widget-style-for-726-3-1-0\" ><div class=\"textwidget\"><p align=\"JUSTIFY\"><img loading=\"lazy\" decoding=\"async\" class=\"alignleft wp-image-300 size-full\" style=\"float-left;margin-bottom: 40px;\" src=\"https:\/\/hubert-hunting.pl\/wp-content\/uploads\/2015\/06\/hubert2_16.png\" alt=\"hubert(2)_16\" width=\"66\" height=\"66\" \/>Unsere Firma befindet sich in einer sch\u00f6nen, mitten in der Natur gelegenen Stadt Drawsko Pomorskie.<\/p>\n<\/div><\/div><\/div><\/div><div id=\"pgc-726-3-2\"  class=\"panel-grid-cell panel-grid-cell-empty panel-grid-cell-mobile-last\" ><\/div><div id=\"pgc-726-3-3\"  class=\"panel-grid-cell panel-grid-cell-empty\" ><\/div><\/div><\/div><div id=\"pg-726-4\"  class=\"panel-grid panel-has-style\" ><div style=\"padding: 100px 0; \" class=\"panel-row-style panel-row-style-for-726-4\" ><div id=\"pgc-726-4-0\"  class=\"panel-grid-cell\" ><div id=\"panel-726-4-0-0\" class=\"so-panel widget widget_black-studio-tinymce widget_black_studio_tinymce panel-first-child panel-last-child\" data-index=\"6\" ><div class=\"textwidget\"><div style=\"text-align: center;\"><iframe loading=\"lazy\" src=\"https:\/\/www.google.com\/maps\/embed?pb=!1m14!1m8!1m3!1d2424631.7423920906!2d15.552281!3d53.596951!3m2!1i1024!2i768!4f13.1!3m3!1m2!1s0x4700e5366f382f2f%3A0x1020e32ad0ec110!2sWoiwodschaft+Westpommern!5e0!3m2!1sde!2spl!4v1524469177984\" width=\"600\" height=\"450\" frameborder=\"0\" style=\"border:0\" allowfullscreen><\/iframe><\/div>\n<p align=\"JUSTIFY\"><a href=\"https:\/\/hubert-hunting.pl\/wp-content\/uploads\/2015\/06\/hubert2_17.png\" class=\"thickbox no_icon\"><img loading=\"lazy\" decoding=\"async\" class=\" size-full wp-image-307 aligncenter\" src=\"https:\/\/hubert-hunting.pl\/wp-content\/uploads\/2015\/06\/hubert2_17.png\" alt=\"hubert(2)_17\" width=\"1622\" height=\"443\" srcset=\"https:\/\/hubert-hunting.pl\/wp-content\/uploads\/2015\/06\/hubert2_17.png 1622w, https:\/\/hubert-hunting.pl\/wp-content\/uploads\/2015\/06\/hubert2_17-300x82.png 300w, https:\/\/hubert-hunting.pl\/wp-content\/uploads\/2015\/06\/hubert2_17-1024x280.png 1024w, https:\/\/hubert-hunting.pl\/wp-content\/uploads\/2015\/06\/hubert2_17-830x227.png 830w, https:\/\/hubert-hunting.pl\/wp-content\/uploads\/2015\/06\/hubert2_17-550x150.png 550w, https:\/\/hubert-hunting.pl\/wp-content\/uploads\/2015\/06\/hubert2_17-230x63.png 230w\" sizes=\"auto, (max-width: 1622px) 100vw, 1622px\" \/><\/a><\/p>\n<div id=\"mapg\" class=\"panel-widget-style\" style=\"background-repeat: repeat;\"><iframe loading=\"lazy\" src=\"https:\/\/www.google.com\/maps\/embed?pb=!1m18!1m12!1m3!1d2371.3913744021315!2d15.795713899999997!3d53.53292580000001!2m3!1f0!2f0!3f0!3m2!1i1024!2i768!4f13.1!3m3!1m2!1s0x47011d10dcd14205%3A0xf564b5217170b627!2sZakopia%C5%84ska+40%2C+78-500+Drawsko+Pomorskie%2C+Polska!5e0!3m2!1spl!2sru!4v1434982881790\" width=\"1919\" height=\"412\" frameborder=\"0\" style=\"border:0\"><\/iframe><\/div>\n<\/div><\/div><\/div><\/div><\/div><\/div>","protected":false},"excerpt":{"rendered":"<p>\u00dcber uns J\u00e4gerei ist unsere Leidenschaft und hat in unserer Familie eine lange Tradition. Wir besch\u00e4ftigen uns mit Jagdorganisation in unserer sch\u00f6nen Gegend, dadurch lassen wir die Tr\u00e4ume in Erf\u00fcllung gehen. Hubert-Hunting Jagdreisen besch\u00e4ftigt sich mit Jagdveranstaltung in Westpolen. Hubert-Hunting Jagdreisen wurde f\u00fcr Menschen gegr\u00fcndet, f\u00fcr die die Jagd eine Leidenschaft und eine beliebte Form [&hellip;]<\/p>\n","protected":false},"author":1,"featured_media":0,"parent":0,"menu_order":0,"comment_status":"open","ping_status":"open","template":"","meta":{"footnotes":""},"class_list":["post-726","page","type-page","status-publish","hentry"],"aioseo_notices":[],"_links":{"self":[{"href":"https:\/\/hubert-hunting.pl\/index.php\/wp-json\/wp\/v2\/pages\/726","targetHints":{"allow":["GET"]}}],"collection":[{"href":"https:\/\/hubert-hunting.pl\/index.php\/wp-json\/wp\/v2\/pages"}],"about":[{"href":"https:\/\/hubert-hunting.pl\/index.php\/wp-json\/wp\/v2\/types\/page"}],"author":[{"embeddable":true,"href":"https:\/\/hubert-hunting.pl\/index.php\/wp-json\/wp\/v2\/users\/1"}],"replies":[{"embeddable":true,"href":"https:\/\/hubert-hunting.pl\/index.php\/wp-json\/wp\/v2\/comments?post=726"}],"version-history":[{"count":17,"href":"https:\/\/hubert-hunting.pl\/index.php\/wp-json\/wp\/v2\/pages\/726\/revisions"}],"predecessor-version":[{"id":1324,"href":"https:\/\/hubert-hunting.pl\/index.php\/wp-json\/wp\/v2\/pages\/726\/revisions\/1324"}],"wp:attachment":[{"href":"https:\/\/hubert-hunting.pl\/index.php\/wp-json\/wp\/v2\/media?parent=726"}],"curies":[{"name":"wp","href":"https:\/\/api.w.org\/{rel}","templated":true}]}}