{"id":268,"date":"2015-06-12T11:27:25","date_gmt":"2015-06-12T09:27:25","guid":{"rendered":"https:\/\/hubert-hunting.pl?page_id=268"},"modified":"2018-05-10T10:59:40","modified_gmt":"2018-05-10T08:59:40","slug":"polowania-ryczaltowe","status":"publish","type":"page","link":"https:\/\/hubert-hunting.pl\/index.php\/polowania-ryczaltowe\/","title":{"rendered":"Polowania rycza\u0142towe"},"content":{"rendered":"<div id=\"pl-268\"  class=\"panel-layout\" ><div id=\"pg-268-0\"  class=\"panel-grid panel-has-style\" ><div style=\"padding: 100px 0; \" class=\"panel-row-style panel-row-style-for-268-0\" ><div id=\"pgc-268-0-0\"  class=\"panel-grid-cell panel-grid-cell-empty\" ><\/div><div id=\"pgc-268-0-1\"  class=\"panel-grid-cell panel-grid-cell-mobile-last\" ><div id=\"panel-268-0-1-0\" class=\"so-panel widget widget_black-studio-tinymce widget_black_studio_tinymce panel-first-child panel-last-child\" data-index=\"0\" ><div class=\"textwidget\"><h3><\/h3>\n<h3>Polowania rycza\u0142towe<\/h3>\n<p>Mo\u017cemy zorganizowa\u0107 r\u00f3wnie\u017c polowanie indywidualne i zbiorowe op\u0142acane rycza\u0142tem. Warunki organizacji takiego polowania oraz wysoko\u015b\u0107 op\u0142aty jest ustalana przed wystawieniem voucheru z dysponentem \u0142owiska i zainteresowanymi my\u015bliwymi.<\/p>\n<p>&nbsp;<\/p>\n<\/div><\/div><\/div><div id=\"pgc-268-0-2\"  class=\"panel-grid-cell panel-grid-cell-empty\" ><\/div><\/div><\/div><div id=\"pg-268-1\"  class=\"panel-grid panel-has-style\" ><div style=\"padding: 100px 0; \" class=\"panel-row-style panel-row-style-for-268-1\" ><div id=\"pgc-268-1-0\"  class=\"panel-grid-cell\" ><div id=\"panel-268-1-0-0\" class=\"so-panel widget widget_black-studio-tinymce widget_black_studio_tinymce panel-first-child panel-last-child\" data-index=\"1\" ><div class=\"panel-widget-style panel-widget-style-for-268-1-0-0\" ><div class=\"textwidget\"><h2 style=\"text-align: center;\"><span style=\"color: #ffffff;\">CZAS NA POLOWANIE<\/span><br \/>\n<span style=\"color: #ffffff;\"> NIE CZEKAJ<\/span><\/h2>\n<p style=\"text-align: center;\"><a class=\"roll-button button-slider\" href=\".\/index.php\/zamowienie-polowania\/\">Do\u0142\u0105cz<\/a><\/p>\n<\/div><\/div><\/div><\/div><\/div><\/div><\/div>","protected":false},"excerpt":{"rendered":"<p>Polowania rycza\u0142towe Mo\u017cemy zorganizowa\u0107 r\u00f3wnie\u017c polowanie indywidualne i zbiorowe op\u0142acane rycza\u0142tem. Warunki organizacji takiego polowania oraz wysoko\u015b\u0107 op\u0142aty jest ustalana przed wystawieniem voucheru z dysponentem \u0142owiska i zainteresowanymi my\u015bliwymi. &nbsp; CZAS NA POLOWANIE NIE CZEKAJ Do\u0142\u0105cz<\/p>\n","protected":false},"author":1,"featured_media":0,"parent":0,"menu_order":0,"comment_status":"closed","ping_status":"closed","template":"","meta":{"footnotes":""},"class_list":["post-268","page","type-page","status-publish","hentry"],"aioseo_notices":[],"_links":{"self":[{"href":"https:\/\/hubert-hunting.pl\/index.php\/wp-json\/wp\/v2\/pages\/268","targetHints":{"allow":["GET"]}}],"collection":[{"href":"https:\/\/hubert-hunting.pl\/index.php\/wp-json\/wp\/v2\/pages"}],"about":[{"href":"https:\/\/hubert-hunting.pl\/index.php\/wp-json\/wp\/v2\/types\/page"}],"author":[{"embeddable":true,"href":"https:\/\/hubert-hunting.pl\/index.php\/wp-json\/wp\/v2\/users\/1"}],"replies":[{"embeddable":true,"href":"https:\/\/hubert-hunting.pl\/index.php\/wp-json\/wp\/v2\/comments?post=268"}],"version-history":[{"count":24,"href":"https:\/\/hubert-hunting.pl\/index.php\/wp-json\/wp\/v2\/pages\/268\/revisions"}],"predecessor-version":[{"id":1357,"href":"https:\/\/hubert-hunting.pl\/index.php\/wp-json\/wp\/v2\/pages\/268\/revisions\/1357"}],"wp:attachment":[{"href":"https:\/\/hubert-hunting.pl\/index.php\/wp-json\/wp\/v2\/media?parent=268"}],"curies":[{"name":"wp","href":"https:\/\/api.w.org\/{rel}","templated":true}]}}