{"id":264,"date":"2015-06-12T11:19:26","date_gmt":"2015-06-12T09:19:26","guid":{"rendered":"https:\/\/hubert-hunting.pl?page_id=264"},"modified":"2018-05-10T11:10:01","modified_gmt":"2018-05-10T09:10:01","slug":"polowania-zbiorowe","status":"publish","type":"page","link":"https:\/\/hubert-hunting.pl\/index.php\/polowania-zbiorowe\/","title":{"rendered":"Polowania zbiorowe"},"content":{"rendered":"<div id=\"pl-264\"  class=\"panel-layout\" ><div id=\"pg-264-0\"  class=\"panel-grid panel-has-style\" ><div style=\"padding: 100px 0; \" class=\"panel-row-style panel-row-style-for-264-0\" ><div id=\"pgc-264-0-0\"  class=\"panel-grid-cell panel-grid-cell-empty\" ><\/div><div id=\"pgc-264-0-1\"  class=\"panel-grid-cell\" ><div id=\"panel-264-0-1-0\" class=\"so-panel widget widget_black-studio-tinymce widget_black_studio_tinymce panel-first-child panel-last-child\" data-index=\"0\" ><div class=\"textwidget\"><h2 style=\"text-align: left;\"><\/h2>\n<h2 style=\"text-align: left;\">Polowania zbiorowe<\/h2>\n<p>Polowania zbiorowe w Polsce rozpoczynaj\u0105 si\u0119 01 pa\u017adziernika i trwaj\u0105 do 15 stycznia. Organizujemy je na terenach bogatych w jelenia, daniela, sarn\u0119 i dzika z nagank\u0105 i psami. Do poszukiwania postrza\u0142k\u00f3w posiadamy u\u0142o\u017cone my\u015bliwskie psy.<\/p>\n<p>Pobyt rozpoczyna si\u0119 przyjazdem my\u015bliwych do kwatery w godzinach popo\u0142udniowych na kolacj\u0119. Po kolacji organizujemy spotkanie z pilotem-t\u0142umaczem i przedstawicielami obwodu lub prowadz\u0105cym polowanie, w celu uzgodnienia szczeg\u00f3\u0142\u00f3w dotycz\u0105cych polowania oraz zapoznajemy my\u015bliwych z regulaminem polowa\u0144. Rozpocz\u0119cie polowania nast\u0119puje oko\u0142o godziny 8:00 rano, w miar\u0119 mo\u017cliwo\u015bci w oprawie sygna\u0142\u00f3w my\u015bliwskich. Nast\u0119pnie odbywa si\u0119 losowanie kartek oraz instruktarz prowadz\u0105cego polowanie z zachowania zasad bezpiecze\u0144stwa podczas polowania. Polowanie trwa do oko\u0142o godziny 12:00 \/minimum 4 - 5 p\u0119dze\u0144 z nagank\u0105 i psami my\u015bliwskimi. Przerwa obiadowa - gor\u0105cy posi\u0142ek na \u0142onie natury. Oko\u0142o godziny 12:30 nast\u0119puje rozpocz\u0119cie drugiej cz\u0119\u015bci polowania, kt\u00f3ra trwa do oko\u0142o godziny 16:00 w zale\u017cno\u015bci od warunk\u00f3w atmosferycznych i ko\u0144czy si\u0119 pokotem w oprawie sygna\u0142\u00f3w my\u015bliwskich. Polowanie wie\u0144czy dekoracja kr\u00f3la i vice-kr\u00f3la polowania, po czym my\u015bliwi udaj\u0105 si\u0119 do kwatery.<\/p>\n<p>Opr\u00f3cz polowa\u0144 na jelenie byki, daniele byki, dziki, \u0142anie, cielaki, kozy i ko\u017al\u0119ta  oferujemy r\u00f3wnie\u017c polowania na dzikie ptactwo \u2013 ba\u017canty, dzikie g\u0119si i dzikie kaczki.<\/p>\n<p><strong>Polujemy wed\u0142ug:<\/strong><\/p>\n<p><strong>\"Cennika Biura Polowa\u0144 Hubert-Hunting\"<\/strong> \u2013 koszty pobytu i organizacji polowania + pozyskana zwierzyna wg cennika<br \/>\nlub<\/p>\n<p><strong>\"Op\u0142at rycza\u0142towych\"<\/strong> \u2013 koszty pobytu i organizacji polowania + pozyskana zwierzyna zawarta w cenie (wysoko\u015b\u0107 op\u0142aty jest ustalana przed wystawieniem voucheru z dysponentem \u0142owiska i zainteresowanymi my\u015bliwymi).<\/p>\n<p><strong>Organizacja polowania p\u0119dzonego obejmuje:<\/strong><\/p>\n<ul>\n<li>- przygotowanie i zamkni\u0119cie \u0142owiska,<\/li>\n<li>- zapewnienie niezb\u0119dnej ilo\u015bci naganiaczy i ps\u00f3w my\u015bliwskich,<\/li>\n<li>- odpowiedni transport podczas polowania,<\/li>\n<li>- odstrza\u0142 zam\u00f3wionej zwierzyny,<\/li>\n<li>- pokot zwierzyny, uroczyste og\u0142oszenie kr\u00f3la polowania i wr\u0119czenie pami\u0105tek dla kr\u00f3la i v-ce kr\u00f3la polowania,<\/li>\n<li>- preparacj\u0119 i ocen\u0119 trofe\u00f3w,<\/li>\n<li>- ciep\u0142y posi\u0142ek regeneracyjny podczas polowania na \u0142onie natury.<\/li>\n<\/ul>\n<p>Zainteresowani polowaniem przesy\u0142aj\u0105 poczt\u0105 elektroniczn\u0105 zapytanie odno\u015bnie swoich oczekiwa\u0144 w kwestii polowania. Odpowiedzi na pytania mo\u017cna r\u00f3wnie\u017c uzyska\u0107 telefonicznie lub przez formularz zg\u0142oszenia polowania na stronie internetowej biura <a href=\"http:\/\/www.hubert-hunting.pl\/index.php\/zamowienie-polowania\">www.hubert-hunting.pl<\/a> lub <a href=\"http:\/\/www.facebook.com\/huberthunting\">www.facebook.com\/huberthunting<\/a><\/p>\n<p>Propozycja cenowa wykonywana jest na podstawie obowi\u0105zuj\u0105cego na dany sezon cennika.<\/p>\n<p>BP Hubert-Hunting po zapoznaniu si\u0119 z zapytaniem przedstawi tereny do polowa\u0144, miejsce pobytu i wy\u017cywienia oraz kosztorys ca\u0142kowity organizacji polowania i pobytu dla my\u015bliwych\u00a0oraz\u00a0os\u00f3b\u00a0towarzysz\u0105cych.<\/p>\n<p>Po otrzymaniu odpowiedzi akceptuj\u0105cej ofert\u0119 organizator polowania \u2013 <strong>Hubert-Hunting<\/strong> wska\u017ce numer konta bankowego do wp\u0142aty zaliczki. Po otrzymaniu zaliczki i listy uczestnik\u00f3w organizator polowania wystawia voucher \u015bwiadcz\u0105cy o wykupieniu polowania.<\/p>\n<p>Rozliczenie pomi\u0119dzy biurem polowa\u0144, my\u015bliwymi i dzier\u017cawc\u0105 obwodu odbywa si\u0119 na podstawie protoko\u0142u spisanego zaraz po zako\u0144czeniu polowania oraz obowi\u0105zuj\u0105cego na dany sezon \u0142owiecki cennika.<\/p>\n<p>Przygotowujemy tak\u017ce specjalne propozycje i oferty w oparciu o zapytania naszych go\u015bci.<\/p>\n<p>Tak\u017ce w razie potrzeby odbieramy naszych go\u015bci z lotnisk na terenie Polski po uprzednim wskazaniu takiej us\u0142ugi.<\/p>\n<\/div><\/div><\/div><div id=\"pgc-264-0-2\"  class=\"panel-grid-cell panel-grid-cell-mobile-last\" ><div id=\"panel-264-0-2-0\" class=\"so-panel widget widget_black-studio-tinymce widget_black_studio_tinymce panel-first-child panel-last-child\" data-index=\"1\" ><div class=\"panel-widget-style panel-widget-style-for-264-0-2-0\" ><div class=\"textwidget\"><div style=\"margin-top: 50px;\">\n<p style=\"text-align: center;\"><img loading=\"lazy\" decoding=\"async\" class=\"wp-image-248 size-full alignleft\" src=\"https:\/\/hubert-hunting.pl\/wp-content\/uploads\/2015\/06\/hubert_03.png\" alt=\"hubert_03\" width=\"99\" height=\"99\" \/><\/p>\n<p style=\"text-align: left\"><strong>JELE\u0143<br \/>\n<\/strong><strong>Byki:<\/strong> 21 sierpnia - do ko\u0144ca lutego<br \/>\n<strong>\u0141anie:<\/strong> 1 wrze\u015bnia - 15 stycznia<br \/>\n<strong>Ciel\u0119ta:<\/strong> 1 wrze\u015bnia - do ko\u0144ca lutego<\/p>\n<\/div>\n<div style=\"margin-top: 50px; text-align: left; clear: both\">\n<p style=\"text-align: center;\"><img loading=\"lazy\" decoding=\"async\" class=\" wp-image-249 size-full alignleft\" src=\"https:\/\/hubert-hunting.pl\/wp-content\/uploads\/2015\/06\/hubert_05.png\" alt=\"hubert_05\" width=\"101\" height=\"99\" \/><\/p>\n<p style=\"text-align: left\"><strong>DANIEL<br \/>\n<\/strong><strong>Byki:<\/strong> 1 wrze\u015bnia \u2014 do ko\u0144ca lutego<br \/>\n<strong>\u0141anie:<\/strong> 1 wrze\u015bnia \u2014 15 stycznia<br \/>\n<strong>Ciel\u0119ta:<\/strong> 1 wrze\u015bnia \u2014 do ko\u0144ca lutego<\/p>\n<\/div>\n<div style=\"margin-top: 50px; text-align: left; clear: both\">\n<p style=\"text-align: center;\"><img loading=\"lazy\" decoding=\"async\" class=\" wp-image-250 size-full alignleft\" src=\"https:\/\/hubert-hunting.pl\/wp-content\/uploads\/2015\/06\/hubert_07.png\" alt=\"hubert_07\" width=\"99\" height=\"99\" \/><\/p>\n<p style=\"text-align: left\"><strong>SARNA<br \/>\n<\/strong><strong>Koz\u0142y: <\/strong>11 maja \u2014 30 wrze\u015bnia<br \/>\n<strong>Kozy i ko\u017al\u0119ta:<\/strong> 1 pa\u017adziernika \u2014 15 stycznia<\/p>\n<\/div>\n<div style=\"margin-top: 50px; text-align: left; clear: both\">\n<p style=\"text-align: center;\"><img loading=\"lazy\" decoding=\"async\" class=\" wp-image-251 size-full alignleft\" src=\"https:\/\/hubert-hunting.pl\/wp-content\/uploads\/2015\/06\/hubert_12.png\" alt=\"hubert_12\" width=\"99\" height=\"100\" \/><\/p>\n<p style=\"text-align: left\"><strong>DZIK<br \/>\n<\/strong><strong>Lochy, Ody\u0144ce, Przelatki, Warchlaki: <\/strong>ca\u0142y rok\n<\/p>\n<\/div>\n<div style=\"margin-top: 70px; text-align: left; clear: both\">\n<p style=\"text-align: center;\"><img loading=\"lazy\" decoding=\"async\" class=\" size-full wp-image-252 alignleft\" src=\"https:\/\/hubert-hunting.pl\/wp-content\/uploads\/2015\/06\/hubert_13.png\" alt=\"hubert_13\" width=\"101\" height=\"100\" \/><\/p>\n<p style=\"text-align: left;\"><strong>BORSUKI<br \/>\n<\/strong>1 wrze\u015bnia \u2014 30 listopada<\/p>\n<p style=\"text-align: left\">\n<\/div>\n<div style=\"margin-top: 70px; text-align: left; clear: both\">\n<p style=\"text-align: center;\"><img loading=\"lazy\" decoding=\"async\" class=\" wp-image-253 alignleft\" src=\"https:\/\/hubert-hunting.pl\/wp-content\/uploads\/2015\/06\/hubert_14.png\" alt=\"hubert_14\" width=\"98\" height=\"99\" \/><\/p>\n<p style=\"text-align: left;\"><strong>LISY<br \/>\n<\/strong>1 czerwca \u2014 31 marca<\/p>\n<\/div>\n<div style=\"margin-top: 70px; margin-bottom: 50px; text-align: left; clear: both\">\n<p style=\"text-align: center;\"><img loading=\"lazy\" decoding=\"async\" class=\" wp-image-254 size-full alignleft\" src=\"https:\/\/hubert-hunting.pl\/wp-content\/uploads\/2015\/06\/hubert_18.png\" alt=\"hubert_18\" width=\"99\" height=\"99\" \/><\/p>\n<p style=\"text-align: left\"><strong>JENOT<br \/>\n<\/strong>ca\u0142y rok<\/p>\n<p style=\"text-align: left\">\n<\/div>\n<div style=\"margin-top: 70px; margin-bottom: 50px; text-align: left; clear: both\">\n<p style=\"text-align: center;\"><img loading=\"lazy\" decoding=\"async\" class=\" wp-image-256 size-full alignleft\" src=\"https:\/\/hubert-hunting.pl\/wp-content\/uploads\/2015\/06\/hubert_21.png\" alt=\"hubert_21\" width=\"99\" height=\"99\" \/><\/p>\n<p style=\"text-align: left\"><strong>DZIKIE KACZKI<br \/>\n<\/strong>15 sierpnia \u2014 21 grudnia<\/p>\n<\/div>\n<\/div><\/div><\/div><\/div><div id=\"pgc-264-0-3\"  class=\"panel-grid-cell panel-grid-cell-empty\" ><\/div><\/div><\/div><div id=\"pg-264-1\"  class=\"panel-grid panel-has-style\" ><div style=\"padding: 100px 0; \" class=\"panel-row-style panel-row-style-for-264-1\" ><div id=\"pgc-264-1-0\"  class=\"panel-grid-cell\" ><div id=\"panel-264-1-0-0\" class=\"so-panel widget widget_black-studio-tinymce widget_black_studio_tinymce panel-first-child panel-last-child\" data-index=\"2\" ><div class=\"panel-widget-style panel-widget-style-for-264-1-0-0\" ><div class=\"textwidget\"><h2 style=\"text-align: center;\"><span style=\"color: #ffffff;\">CZAS NA POLOWANIE<\/span><br \/>\n<span style=\"color: #ffffff;\"> NIE CZEKAJ<\/span><\/h2>\n<p style=\"text-align: center;\"><a class=\"roll-button button-slider\" href=\".\/index.php\/zamowienie-polowania\/\">Do\u0142\u0105cz<\/a><\/p>\n<\/div><\/div><\/div><\/div><\/div><\/div><\/div>","protected":false},"excerpt":{"rendered":"<p>Polowania zbiorowe Polowania zbiorowe w Polsce rozpoczynaj\u0105 si\u0119 01 pa\u017adziernika i trwaj\u0105 do 15 stycznia. Organizujemy je na terenach bogatych w jelenia, daniela, sarn\u0119 i dzika z nagank\u0105 i psami. Do poszukiwania postrza\u0142k\u00f3w posiadamy u\u0142o\u017cone my\u015bliwskie psy. Pobyt rozpoczyna si\u0119 przyjazdem my\u015bliwych do kwatery w godzinach popo\u0142udniowych na kolacj\u0119. Po kolacji organizujemy spotkanie z pilotem-t\u0142umaczem [&hellip;]<\/p>\n","protected":false},"author":1,"featured_media":0,"parent":0,"menu_order":0,"comment_status":"closed","ping_status":"closed","template":"","meta":{"footnotes":""},"class_list":["post-264","page","type-page","status-publish","hentry"],"aioseo_notices":[],"_links":{"self":[{"href":"https:\/\/hubert-hunting.pl\/index.php\/wp-json\/wp\/v2\/pages\/264","targetHints":{"allow":["GET"]}}],"collection":[{"href":"https:\/\/hubert-hunting.pl\/index.php\/wp-json\/wp\/v2\/pages"}],"about":[{"href":"https:\/\/hubert-hunting.pl\/index.php\/wp-json\/wp\/v2\/types\/page"}],"author":[{"embeddable":true,"href":"https:\/\/hubert-hunting.pl\/index.php\/wp-json\/wp\/v2\/users\/1"}],"replies":[{"embeddable":true,"href":"https:\/\/hubert-hunting.pl\/index.php\/wp-json\/wp\/v2\/comments?post=264"}],"version-history":[{"count":50,"href":"https:\/\/hubert-hunting.pl\/index.php\/wp-json\/wp\/v2\/pages\/264\/revisions"}],"predecessor-version":[{"id":1365,"href":"https:\/\/hubert-hunting.pl\/index.php\/wp-json\/wp\/v2\/pages\/264\/revisions\/1365"}],"wp:attachment":[{"href":"https:\/\/hubert-hunting.pl\/index.php\/wp-json\/wp\/v2\/media?parent=264"}],"curies":[{"name":"wp","href":"https:\/\/api.w.org\/{rel}","templated":true}]}}