{"id":260,"date":"2015-06-12T11:08:23","date_gmt":"2015-06-12T09:08:23","guid":{"rendered":"https:\/\/hubert-hunting.pl?page_id=260"},"modified":"2018-05-10T11:09:25","modified_gmt":"2018-05-10T09:09:25","slug":"polowania-indywidualne","status":"publish","type":"page","link":"https:\/\/hubert-hunting.pl\/index.php\/polowania-indywidualne\/","title":{"rendered":"Polowania indywidualne"},"content":{"rendered":"<div id=\"pl-260\"  class=\"panel-layout\" ><div id=\"pg-260-0\"  class=\"panel-grid panel-has-style\" ><div style=\"padding: 100px 0; \" class=\"panel-row-style panel-row-style-for-260-0\" ><div id=\"pgc-260-0-0\"  class=\"panel-grid-cell panel-grid-cell-empty\" ><\/div><div id=\"pgc-260-0-1\"  class=\"panel-grid-cell\" ><div id=\"panel-260-0-1-0\" class=\"so-panel widget widget_black-studio-tinymce widget_black_studio_tinymce panel-first-child panel-last-child\" data-index=\"0\" ><div class=\"textwidget\"><h2 style=\"text-align: left;\"><\/h2>\n<h2 style=\"text-align: left;\">Polowania indywidualne<\/h2>\n<p>Polowania indywidualne odbywaj\u0105 si\u0119 z podchodu lub zasiadki. My\u015bliwemu zagranicznemu zawsze towarzyszy polski my\u015bliwy \u2013 podprowadzaj\u0105cy, znaj\u0105cy \u0142owisko. Wskazuje on zwierzyn\u0119 przeznaczon\u0105 do odstrza\u0142u.<\/p>\n<p>Proponujemy ka\u017cdemu my\u015bliwemu minimum 3 dni polowania indywidualnego \u2013 6 wyj\u015b\u0107, w przypadku polowa\u0144 na rogacze oraz minimum 4 dni \u2013 8 wyj\u015b\u0107, w przypadku polowa\u0144 na jelenie i daniele byki.<\/p>\n<p>\u0141owiecka przygoda zaczyna si\u0119 od przyjazdu my\u015bliwych do kwatery w godzinach popo\u0142udniowych. Wieczorem organizujemy spotkanie z pilotem \u2013 t\u0142umaczem oraz polskimi podprowadzaj\u0105cymi.  W zale\u017cno\u015bci od zam\u00f3wienia nast\u0119puje wieczorne wyj\u015bcie na polowanie. Kolacja przewidziana jest przed lub po polowaniu. Kolejne dni to poranne oraz wieczorne wyj\u015bcia na pe\u0142ne emocji \u0142owy. W ostatni dzie\u0144 my\u015bliwi wyje\u017cd\u017caj\u0105 po \u015bniadaniu, po podpisaniu protoko\u0142u oraz wa\u017ceniu trofe\u00f3w wed\u0142ug zasad obowi\u0105zuj\u0105cych w Polsce. Waga trofe\u00f3w z porannego polowania oceniana jest szacunkowo.<\/p>\n<h3>Sarny rogacze<\/h3>\n<p align=\"LEFT\">Polowania rozpoczynaj\u0105 si\u0119 11 maja i trwaj\u0105 do 30 wrze\u015bnia. Najlepsze terminy polowa\u0144 to dni od 11 maja do 16 czerwca i podczas rui od 25 lipca do 05 sierpnia. Polujemy z podchodu, ambon i na wabia. Trofeum z rogacza to parostki. Koszt polowania okre\u015bla cennik obowi\u0105zuj\u0105cy na dany sezon \u0142owiecki. W przypadku polowa\u0144 na rogacze proponujemy minimum 3 dni polowania.<\/p>\n<h3 align=\"LEFT\">Jelenie byki<\/h3>\n<p align=\"LEFT\">Termin polowa\u0144 od 21 sierpnia do ko\u0144ca lutego. Najlepszy okres polowa\u0144 na jelenie byki to rykowisko, kt\u00f3re trwa w zale\u017cno\u015bci od miejsca od 05 wrze\u015bnia do 05 pa\u017adziernika. Polujemy z podchodu, z ambon i na wabia. Trofeum z jelenia byka to wieniec i grandle. W przypadku polowa\u0144 na jelenie byki proponujemy minimum 4 dni polowania.<\/p>\n<h3 align=\"LEFT\">Daniele byki<\/h3>\n<p align=\"JUSTIFY\">Najlepszy okres polowa\u0144 na daniele byki to bekowisko. Trofeum z daniela byka to wieniec i sk\u00f3ra. W przypadku polowa\u0144 na daniele byki proponujemy minimum 4 dni polowania.<\/p>\n<h3 align=\"JUSTIFY\">Dziki wszystkie<\/h3>\n<p align=\"JUSTIFY\">Termin polowa\u0144 na wszystkie dziki trwa ca\u0142y rok. Polujemy z ambon i z podchodu. Trofeum z dzika to szable i fajki oraz sk\u00f3ra. Proponujemy polowania w czasie pe\u0142ni lub 4-5 dni przed pe\u0142ni\u0105.<\/p>\n<h3 align=\"JUSTIFY\">\u0141anie, ciel\u0119ta, sarny-kozy, ko\u017al\u0119ta i nocne polowania na dziki oraz drapie\u017cniki<\/h3>\n<p align=\"JUSTIFY\">Polecamy polowania na jelenie - \u0142anie, ciel\u0119ta, sarny - kozy, ko\u017al\u0119ta, nocne polowania na dziki oraz polowania na drapie\u017cniki. Wyb\u00f3r formy polowania le\u017cy w gestii my\u015bliwego jednak metodami szczeg\u00f3lnie polecanymi w zale\u017cno\u015bci od rodzaju \u0142owiska oraz preferowanego gatunku zwierzyny s\u0105 zasiadka oraz podch\u00f3d. Oba sposoby daj\u0105 w okresie jesienno-zimowym bardzo dobre efekty. Polowania odbywaj\u0105 si\u0119 w miesi\u0105cach od pa\u017adziernika do stycznia. Polecany termin to 4-5 dni przed pe\u0142ni\u0105 ksi\u0119\u017cyca, a w przypadku jego braku, czas zalegania pokrywy \u015bnie\u017cnej. W przypadku polowa\u0144 na wy\u017cej wymienione gatunki proponujemy minimum 3-4 dni polowania.<br \/>\nOpr\u00f3cz polowa\u0144 na jelenie byki, daniele byki, dziki, \u0142anie, cielaki, kozy i ko\u017al\u0119ta, oferujemy te\u017c polowania na dzikie ptactwo \u2013 ba\u017canty, dzikie g\u0119si, dzikie kaczki. Zwykle polowania te s\u0105 organizowane jako dodatkowy dzie\u0144 polowa\u0144 na grub\u0105 zwierzyn\u0119, istnieje jednak mo\u017cliwo\u015b\u0107 przygotowania odr\u0119bnego polowania tylko na dzikie ptactwo.<\/p>\n<p>Termin polowa\u0144 na ww gatunki zwierz\u0105t mo\u017ce zosta\u0107 r\u00f3wnie\u017c wyd\u0142u\u017cony na \u017cyczenie klienta.<\/p>\n<h3 align=\"JUSTIFY\"><b>Oferty obejmuj\u0105:<\/b><\/h3>\n<p style=\"padding-left: 30px;\">- zamkni\u0119cie \u0142owiska,<\/p>\n<p style=\"padding-left: 30px;\">- organizacj\u0119 polowania,<\/p>\n<p style=\"padding-left: 30px;\">- zapewnienie jednego podprowadzaj\u0105cego dla ka\u017cdego my\u015bliwego,<\/p>\n<p style=\"padding-left: 30px;\">- preparacj\u0119 i ocen\u0119 trofe\u00f3w,<\/p>\n<p style=\"padding-left: 30px;\">- transport w \u0142owisku,<\/p>\n<p style=\"padding-left: 30px;\">- zakwaterowanie i wy\u017cywienie.<\/p>\n<div style=\"clear: both; height: 25px;\"><\/div>\n<p><strong>Uwaga! Polowanie indywidualne dotyczy grup nie wi\u0119kszych jak 5 my\u015bliwych poluj\u0105cych jednocze\u015bnie\u00a0w\u00a0\u0142owisku\u00a0lecz\u00a0nie\u00a0wsp\u00f3\u0142pracuj\u0105cych\u00a0ze\u00a0sob\u0105.<\/strong><\/p>\n<p>Zainteresowani polowaniem przesy\u0142aj\u0105 poczt\u0105 elektroniczn\u0105 na adres\u00a0<a href=\"mailto:biuro@hubert-hunting.pl\">biuro@hubert-hunting.pl<\/a> zapytanie odno\u015bnie swoich oczekiwa\u0144 w kwestii polowania. Odpowiedzi na Pa\u0144stwa pytania odno\u015bnie polowa\u0144 mo\u017cna r\u00f3wnie\u017c uzyska\u0107 telefonicznie lub przez formularz zg\u0142oszenia polowania na stronie internetowej biura  <a href=\"http:\/\/www.hubert-hunting.pl\">www.hubert-hunting.pl<\/a> lub <a href=\"http:\/\/www.facebook.com\/huberthunting\">www.facebook.com\/huberthunting<\/a><\/p>\n<div style=\"clear: both; height: 8px;\"><\/div>\n<p><strong>Propozycja cenowa wykonywana jest na podstawie obowi\u0105zuj\u0105cego na dany sezon cennika.<\/strong><\/p>\n<div style=\"clear: both; height: 8px;\"><\/div>\n<p><strong>Biuro polowa\u0144 Hubert-Hunting<\/strong> po zapoznaniu si\u0119 z zapytaniem przedstawi tereny do polowa\u0144, miejsce pobytu i wy\u017cywienia oraz kosztorys ca\u0142kowity organizacji polowania i pobytu dla my\u015bliwych oraz os\u00f3b towarzysz\u0105cych.<\/p>\n<div style=\"clear: both; height: 15px;\"><\/div>\n<p>Po otrzymaniu odpowiedzi akceptuj\u0105cej ofert\u0119 organizator polowania \u2013 biuro polowa\u0144 <strong>Hubert-Hunting<\/strong> wska\u017ce nr konta bankowego do wp\u0142aty zaliczki. Po otrzymaniu zaliczki i listy uczestnik\u00f3w, wystawiany jest obowi\u0105zuj\u0105cy voucher \u015bwiadcz\u0105cy o wykupieniu polowania.<\/p>\n<div style=\"clear: both; height: 15px;\"><\/div>\n<p>Rozliczenie pomi\u0119dzy biurem polowa\u0144, my\u015bliwymi i dzier\u017cawc\u0105 obwodu odbywa si\u0119 na podstawie protoko\u0142u spisanego zaraz po zako\u0144czeniu polowania oraz obowi\u0105zuj\u0105cego na dany sezon \u0142owiecki cennika.<\/p>\n<p>Przygotowujemy tak\u017ce specjalne propozycje i oferty w oparciu o zapytania naszych go\u015bci.<\/p>\n<p>Tak\u017ce w razie potrzeby odbieramy naszych go\u015bci z lotnisk na terenie Polski po uprzednim wskazaniu takiej us\u0142ugi.<\/p>\n<\/div><\/div><\/div><div id=\"pgc-260-0-2\"  class=\"panel-grid-cell panel-grid-cell-mobile-last\" ><div id=\"panel-260-0-2-0\" class=\"so-panel widget widget_black-studio-tinymce widget_black_studio_tinymce panel-first-child panel-last-child\" data-index=\"1\" ><div class=\"panel-widget-style panel-widget-style-for-260-0-2-0\" ><div class=\"textwidget\"><div style=\"margin-top: 50px;\">\n<p style=\"text-align: center;\"><img loading=\"lazy\" decoding=\"async\" class=\"wp-image-248 size-full alignleft\" src=\"https:\/\/hubert-hunting.pl\/wp-content\/uploads\/2015\/06\/hubert_03.png\" alt=\"hubert_03\" width=\"99\" height=\"99\" \/><\/p>\n<p style=\"text-align: left\"><strong>JELE\u0143<br \/>\n<\/strong><strong>Byki:<\/strong> 21 sierpnia - do ko\u0144ca lutego<br \/>\n<strong>\u0141anie:<\/strong> 1 wrze\u015bnia - 15 stycznia<br \/>\n<strong>Ciel\u0119ta:<\/strong> 1 wrze\u015bnia - do ko\u0144ca lutego<\/p>\n<\/div>\n<div style=\"margin-top: 50px; text-align: left; clear: both\">\n<p style=\"text-align: center;\"><img loading=\"lazy\" decoding=\"async\" class=\" wp-image-249 size-full alignleft\" src=\"https:\/\/hubert-hunting.pl\/wp-content\/uploads\/2015\/06\/hubert_05.png\" alt=\"hubert_05\" width=\"101\" height=\"99\" \/><\/p>\n<p style=\"text-align: left\"><strong>DANIEL<br \/>\n<\/strong><strong>Byki:<\/strong> 1 wrze\u015bnia \u2014 do ko\u0144ca lutego<br \/>\n<strong>\u0141anie:<\/strong> 1 wrze\u015bnia \u2014 15 stycznia<br \/>\n<strong>Ciel\u0119ta:<\/strong> 1 wrze\u015bnia \u2014 do ko\u0144ca lutego<\/p>\n<\/div>\n<div style=\"margin-top: 50px; text-align: left; clear: both\">\n<p style=\"text-align: center;\"><img loading=\"lazy\" decoding=\"async\" class=\" wp-image-250 size-full alignleft\" src=\"https:\/\/hubert-hunting.pl\/wp-content\/uploads\/2015\/06\/hubert_07.png\" alt=\"hubert_07\" width=\"99\" height=\"99\" \/><\/p>\n<p style=\"text-align: left\"><strong>SARNA<br \/>\n<\/strong><strong>Koz\u0142y: <\/strong>11 maja \u2014 30 wrze\u015bnia<br \/>\n<strong>Kozy i ko\u017al\u0119ta:<\/strong> 1 pa\u017adziernika \u2014 15 stycznia<\/p>\n<\/div>\n<div style=\"margin-top: 50px; text-align: left; clear: both\">\n<p style=\"text-align: center;\"><img loading=\"lazy\" decoding=\"async\" class=\" wp-image-251 size-full alignleft\" src=\"https:\/\/hubert-hunting.pl\/wp-content\/uploads\/2015\/06\/hubert_12.png\" alt=\"hubert_12\" width=\"99\" height=\"100\" \/><\/p>\n<p style=\"text-align: left\"><strong>DZIK<br \/>\n<\/strong><strong>Lochy, Ody\u0144ce, Przelatki, Warchlaki: <\/strong>ca\u0142y rok\n<\/p>\n<\/div>\n<div style=\"margin-top: 70px; text-align: left; clear: both\">\n<p style=\"text-align: center;\"><img loading=\"lazy\" decoding=\"async\" class=\" size-full wp-image-252 alignleft\" src=\"https:\/\/hubert-hunting.pl\/wp-content\/uploads\/2015\/06\/hubert_13.png\" alt=\"hubert_13\" width=\"101\" height=\"100\" \/><\/p>\n<p style=\"text-align: left;\"><strong>BORSUKI<br \/>\n<\/strong>1 wrze\u015bnia \u2014 30 listopada<\/p>\n<p style=\"text-align: left\">\n<\/div>\n<div style=\"margin-top: 70px; text-align: left; clear: both\">\n<p style=\"text-align: center;\"><img loading=\"lazy\" decoding=\"async\" class=\" wp-image-253 alignleft\" src=\"https:\/\/hubert-hunting.pl\/wp-content\/uploads\/2015\/06\/hubert_14.png\" alt=\"hubert_14\" width=\"98\" height=\"99\" \/><\/p>\n<p style=\"text-align: left;\"><strong>LISY<br \/>\n<\/strong>1 czerwca \u2014 31 marca<\/p>\n<\/div>\n<div style=\"margin-top: 70px; margin-bottom: 50px; text-align: left; clear: both\">\n<p style=\"text-align: center;\"><img loading=\"lazy\" decoding=\"async\" class=\" wp-image-254 size-full alignleft\" src=\"https:\/\/hubert-hunting.pl\/wp-content\/uploads\/2015\/06\/hubert_18.png\" alt=\"hubert_18\" width=\"99\" height=\"99\" \/><\/p>\n<p style=\"text-align: left\"><strong>JENOT<br \/>\n<\/strong>ca\u0142y rok<\/p>\n<p style=\"text-align: left\">\n<\/div>\n<div style=\"margin-top: 70px; margin-bottom: 50px; text-align: left; clear: both\">\n<p style=\"text-align: center;\"><img loading=\"lazy\" decoding=\"async\" class=\" wp-image-256 size-full alignleft\" src=\"https:\/\/hubert-hunting.pl\/wp-content\/uploads\/2015\/06\/hubert_21.png\" alt=\"hubert_21\" width=\"99\" height=\"99\" \/><\/p>\n<p style=\"text-align: left\"><strong>DZIKIE KACZKI<br \/>\n<\/strong>15 sierpnia \u2014 21 grudnia<\/p>\n<\/div>\n<\/div><\/div><\/div><\/div><div id=\"pgc-260-0-3\"  class=\"panel-grid-cell panel-grid-cell-empty\" ><\/div><\/div><\/div><div id=\"pg-260-1\"  class=\"panel-grid panel-has-style\" ><div style=\"padding: 100px 0; \" class=\"panel-row-style panel-row-style-for-260-1\" ><div id=\"pgc-260-1-0\"  class=\"panel-grid-cell\" ><div id=\"panel-260-1-0-0\" class=\"so-panel widget widget_black-studio-tinymce widget_black_studio_tinymce panel-first-child panel-last-child\" data-index=\"2\" ><div class=\"panel-widget-style panel-widget-style-for-260-1-0-0\" ><div class=\"textwidget\"><h2 style=\"text-align: center;\"><span style=\"color: #ffffff;\">CZAS NA POLOWANIE<\/span><br \/>\n<span style=\"color: #ffffff;\"> NIE CZEKAJ<\/span><\/h2>\n<p style=\"text-align: center;\"><a class=\"roll-button button-slider\" href=\".\/index.php\/zamowienie-polowania\/\">Do\u0142\u0105cz<\/a><\/p>\n<\/div><\/div><\/div><\/div><\/div><\/div><\/div>","protected":false},"excerpt":{"rendered":"<p>Polowania indywidualne Polowania indywidualne odbywaj\u0105 si\u0119 z podchodu lub zasiadki. My\u015bliwemu zagranicznemu zawsze towarzyszy polski my\u015bliwy \u2013 podprowadzaj\u0105cy, znaj\u0105cy \u0142owisko. Wskazuje on zwierzyn\u0119 przeznaczon\u0105 do odstrza\u0142u. Proponujemy ka\u017cdemu my\u015bliwemu minimum 3 dni polowania indywidualnego \u2013 6 wyj\u015b\u0107, w przypadku polowa\u0144 na rogacze oraz minimum 4 dni \u2013 8 wyj\u015b\u0107, w przypadku polowa\u0144 na jelenie i [&hellip;]<\/p>\n","protected":false},"author":1,"featured_media":0,"parent":0,"menu_order":0,"comment_status":"closed","ping_status":"closed","template":"","meta":{"footnotes":""},"class_list":["post-260","page","type-page","status-publish","hentry"],"aioseo_notices":[],"_links":{"self":[{"href":"https:\/\/hubert-hunting.pl\/index.php\/wp-json\/wp\/v2\/pages\/260","targetHints":{"allow":["GET"]}}],"collection":[{"href":"https:\/\/hubert-hunting.pl\/index.php\/wp-json\/wp\/v2\/pages"}],"about":[{"href":"https:\/\/hubert-hunting.pl\/index.php\/wp-json\/wp\/v2\/types\/page"}],"author":[{"embeddable":true,"href":"https:\/\/hubert-hunting.pl\/index.php\/wp-json\/wp\/v2\/users\/1"}],"replies":[{"embeddable":true,"href":"https:\/\/hubert-hunting.pl\/index.php\/wp-json\/wp\/v2\/comments?post=260"}],"version-history":[{"count":60,"href":"https:\/\/hubert-hunting.pl\/index.php\/wp-json\/wp\/v2\/pages\/260\/revisions"}],"predecessor-version":[{"id":1363,"href":"https:\/\/hubert-hunting.pl\/index.php\/wp-json\/wp\/v2\/pages\/260\/revisions\/1363"}],"wp:attachment":[{"href":"https:\/\/hubert-hunting.pl\/index.php\/wp-json\/wp\/v2\/media?parent=260"}],"curies":[{"name":"wp","href":"https:\/\/api.w.org\/{rel}","templated":true}]}}