{"id":1541,"date":"2018-10-18T10:24:21","date_gmt":"2018-10-18T08:24:21","guid":{"rendered":"https:\/\/hubert-hunting.pl\/?page_id=1541"},"modified":"2025-11-20T08:14:45","modified_gmt":"2025-11-20T07:14:45","slug":"dsgvo","status":"publish","type":"page","link":"https:\/\/hubert-hunting.pl\/index.php\/dsgvo\/?lang=de","title":{"rendered":"DSGVO"},"content":{"rendered":"<div id=\"pl-1541\"  class=\"panel-layout\" ><div id=\"pg-1541-0\"  class=\"panel-grid panel-has-style\" ><div style=\"padding: 100px 0; \" class=\"panel-row-style panel-row-style-for-1541-0\" ><div id=\"pgc-1541-0-0\"  class=\"panel-grid-cell panel-grid-cell-empty\" ><\/div><div id=\"pgc-1541-0-1\"  class=\"panel-grid-cell panel-grid-cell-mobile-last\" ><div id=\"panel-1541-0-1-0\" class=\"so-panel widget widget_sow-editor panel-first-child panel-last-child\" data-index=\"0\" ><div\n\t\t\t\n\t\t\tclass=\"so-widget-sow-editor so-widget-sow-editor-base\"\n\t\t\t\n\t\t><h3 class=\"widget-title\">DSGVO<\/h3>\n<div class=\"siteorigin-widget-tinymce textwidget\">\n\t<p align=\"CENTER\">Informationsklausel bez\u00fcglich der Verarbeitung personenbezogener Daten<\/p>\n<p align=\"JUSTIFY\">1. <span lang=\"de-DE\">\u00dcbermitteln Sie <\/span><span lang=\"de-DE\">Ihre pers\u00f6nlichen Daten \u00fcber das Kontaktformular auf der Website <a href=\"http:\/\/www.hubert-hunting.pl\">www.hubert-hunting.pl<\/a>, <a href=\"http:\/\/www.facebook.com\/huberthunting\">www.facebook.com\/huberthunting<\/a> oder per E-Mail oder auf andere Weise elektronisch oder analog, der Administrator von Ihren Daten ist Hubert-Hunting Jagdreisen Ul. Zakopia\u0144ska 40, 78-500 Drawsko Pom. Die aktuellen Kontaktdaten finden Sie unter <\/span><a href=\"http:\/\/www.hubert-hunting.pl\/\">www.hubert-hunting.pl<\/a><\/p>\n<p align=\"JUSTIFY\">2. Die Website <a href=\"http:\/\/www.hubert-hunting.pl\">www.hubert-hunting.pl<\/a> sammelt automatisch und verarbeitet Informationen \u00fcber ihre Besucher.<\/p>\n<p align=\"JUSTIFY\">3. Die Kontaktdaten des Datenschutzbeauftragten: E-Mail: <a href=\"mailto:biuro@hubert-hunting.pl\">biuro@hubert-hunting.pl<\/a>.<\/p>\n<p align=\"JUSTIFY\"><span lang=\"de-DE\">4. <\/span><span lang=\"de-DE\">Personenbezogene Daten werden zum Zweck der Durchf\u00fchrung der Jagdorganisation, der Pr\u00e4sentation des Angebots, der Direktvermarktung eigener Dienstleistungen und Produkte, des Versands kommerzieller Informationen per E-Mail und Telefon, des Abschlusses eines Vertrags, der Abwehr von Anspr\u00fcchen und der Inanspruchnahme von Anspr\u00fcchen oder sonstigen Dienstleistungen des B\u00fcros verarbeitet. Im Falle der Organisation der Jagd k\u00f6nnen personenbezogene Daten den Einrichtungen zur Verf\u00fcgung gestellt werden, die der Administrator oder seine Unterauftragnehmer auch f\u00fcr Jagdvereine zur Organisation der Jagd einsetzen. <\/span><\/p>\n<p lang=\"de-DE\" align=\"JUSTIFY\">5.Grundlage f\u00fcr die Verarbeitung personenbezogener Daten ist \u00a7 6 Abs. 1 lit. b Verordnung (EU) 2016\/679 des Europ\u00e4ischen Parlaments und des Rates vom 27. April 2016 zum Schutz nat\u00fcrlicher Personen bei der Verarbeitung personenbezogener Daten und zum freien Datenverkehr (DSGVO).<\/p>\n<p align=\"JUSTIFY\"><span lang=\"de-DE\">6. Personenbezogene Daten werden f\u00fcr den Zeitraum verarbeitet, der notwendig ist, um den in Absatz 4 genannten Verarbeitungszweck zu erreichen, d. h. bis zum Abschluss der Organisation der Jagd, Senden von aktuellen Angeboten per E-Mail, Analog, Anfragen <\/span><span lang=\"pl-PL\">nach<\/span><span lang=\"de-DE\"> d<\/span><span lang=\"pl-PL\">er<\/span><span lang=\"de-DE\"> Zusammenarbeit und andere Dienstleistungen durch das B\u00fcro angeboten. Personenbezogene Daten d\u00fcrfen bis zum Ende des Zeitraums der Umsetzung der oben genannten Ziele gespeichert werden oder bis die Person, deren personenbezogene Daten sich auf sie beziehen, Einw\u00e4nde erhebt. <\/span><\/p>\n<p align=\"JUSTIFY\"><span lang=\"pl-PL\">7. <\/span>Die Person, deren personenbezogene Daten verarbeitet werden, hat das Recht auf Zugriff, Berichtigung, L\u00f6schung, Einschr\u00e4nkung der Verarbeitung, Einwilligung in die Verarbeitung und das Recht zur \u00dcbermittlung personenbezogener Daten mit der Ma\u00dfgabe, dass das Recht zur \u00dcbermittlung personenbezogener Daten nur f\u00fcr automatisiert verarbeitete Daten gilt.<\/p>\n<p align=\"JUSTIFY\">8. Die Person, deren personenbezogene Daten verarbeitet werden, hat das Recht, beim Pr\u00e4sidenten des Amtes f\u00fcr den Schutz personenbezogener Daten eine Beschwerde einzureichen.<\/p>\n<p align=\"JUSTIFY\">9. Die Bereitstellung personenbezogener Daten ist freiwillig, jedoch f\u00fchrt die Nichtangabe dazu, dass die oben genannten Ma\u00dfnahmen nicht ergriffen werden k\u00f6nnen.<\/p>\n<\/div>\n<\/div><\/div><\/div><div id=\"pgc-1541-0-2\"  class=\"panel-grid-cell panel-grid-cell-empty\" ><\/div><\/div><\/div><\/div>","protected":false},"excerpt":{"rendered":"<p>Informationsklausel bez\u00fcglich der Verarbeitung personenbezogener Daten 1. \u00dcbermitteln Sie Ihre pers\u00f6nlichen Daten \u00fcber das Kontaktformular auf der Website www.hubert-hunting.pl, www.facebook.com\/huberthunting oder per E-Mail oder auf andere Weise elektronisch oder analog, der Administrator von Ihren Daten ist Hubert-Hunting Jagdreisen Ul. Zakopia\u0144ska 40, 78-500 Drawsko Pom. Die aktuellen Kontaktdaten finden Sie unter www.hubert-hunting.pl 2. Die Website www.hubert-hunting.pl [&hellip;]<\/p>\n","protected":false},"author":1,"featured_media":0,"parent":0,"menu_order":0,"comment_status":"closed","ping_status":"closed","template":"","meta":{"footnotes":""},"class_list":["post-1541","page","type-page","status-publish","hentry"],"aioseo_notices":[],"_links":{"self":[{"href":"https:\/\/hubert-hunting.pl\/index.php\/wp-json\/wp\/v2\/pages\/1541","targetHints":{"allow":["GET"]}}],"collection":[{"href":"https:\/\/hubert-hunting.pl\/index.php\/wp-json\/wp\/v2\/pages"}],"about":[{"href":"https:\/\/hubert-hunting.pl\/index.php\/wp-json\/wp\/v2\/types\/page"}],"author":[{"embeddable":true,"href":"https:\/\/hubert-hunting.pl\/index.php\/wp-json\/wp\/v2\/users\/1"}],"replies":[{"embeddable":true,"href":"https:\/\/hubert-hunting.pl\/index.php\/wp-json\/wp\/v2\/comments?post=1541"}],"version-history":[{"count":19,"href":"https:\/\/hubert-hunting.pl\/index.php\/wp-json\/wp\/v2\/pages\/1541\/revisions"}],"predecessor-version":[{"id":20068,"href":"https:\/\/hubert-hunting.pl\/index.php\/wp-json\/wp\/v2\/pages\/1541\/revisions\/20068"}],"wp:attachment":[{"href":"https:\/\/hubert-hunting.pl\/index.php\/wp-json\/wp\/v2\/media?parent=1541"}],"curies":[{"name":"wp","href":"https:\/\/api.w.org\/{rel}","templated":true}]}}