{"id":1534,"date":"2018-09-12T13:41:21","date_gmt":"2018-09-12T11:41:21","guid":{"rendered":"https:\/\/hubert-hunting.pl\/?page_id=1534"},"modified":"2025-11-18T08:34:53","modified_gmt":"2025-11-18T07:34:53","slug":"privacy-policy-gdpr","status":"publish","type":"page","link":"https:\/\/hubert-hunting.pl\/index.php\/privacy-policy-gdpr\/?lang=da","title":{"rendered":"Privatlivspolitik\/GDPR"},"content":{"rendered":"<div id=\"pl-1534\"  class=\"panel-layout\" ><div id=\"pg-1534-0\"  class=\"panel-grid panel-has-style\" ><div style=\"padding: 100px 0; \" class=\"panel-row-style panel-row-style-for-1534-0\" ><div id=\"pgc-1534-0-0\"  class=\"panel-grid-cell panel-grid-cell-empty\" ><\/div><div id=\"pgc-1534-0-1\"  class=\"panel-grid-cell panel-grid-cell-mobile-last\" ><div id=\"panel-1534-0-1-0\" class=\"so-panel widget widget_sow-editor panel-first-child panel-last-child\" data-index=\"0\" ><div\n\t\t\t\n\t\t\tclass=\"so-widget-sow-editor so-widget-sow-editor-base\"\n\t\t\t\n\t\t><h3 class=\"widget-title\">Privatlivspolitik\/GDPR<\/h3>\n<div class=\"siteorigin-widget-tinymce textwidget\">\n\t<p>&nbsp;<\/p>\n<ol>\n<li>Vi vil gerne meddele, at hvis du oplyser personlige data via kontaktformularen p\u00e5 hjemmesiden www.hubert-hunting.pl, www.facebook.com\/huberthunting eller via e-mail til en hvilken som helst adresse eller p\u00e5 anden elektronisk eller analog m\u00e5de, er data administratoren Biuro Polowan Hubert-Hunting ul. Zakopia\u0144ska 40, 78-500 Drawsko Pom. Nuv\u00e6rende kontaktoplysninger kan findes p\u00e5 hjemmesiden\u00a0 <a href=\"http:\/\/www.hubert-hunting.pl\/\">www.hubert-hunting.pl<\/a><\/li>\n<li><span id=\"gmail-result_box\" class=\"gmail-\" lang=\"da\"><span class=\"gmail-\">Hjemmesiden <a href=\"http:\/\/www.hubert-hunting.pl\">www.hubert-hunting.pl<\/a> automatisk samler og behandler information om sine bes\u00f8gende.<\/span><\/span><\/li>\n<li>Kontaktoplysninger til Databeskyttelsesansvarlig: email: <a href=\"mailto:biuro@hubert-hunting.pl\">biuro@hubert-hunting.pl<\/a> .<\/li>\n<li>Personoplysninger behandles med det form\u00e5l at organisere jagten, pr\u00e6sentere tilbuddet, direkte markedsf\u00f8ring af egne tjenester og produkter, sende kommercielle oplysninger via e-mail og telefon, indg\u00e5 en kontrakt, forsvare mod fordringer og s\u00f8ge mulige fordringer eller andre tjenester, der tilbydes af kontoret. I tilf\u00e6lde af tilrettel\u00e6ggelse af jagten kan personoplysninger stilles til r\u00e5dighed for enheder, der h\u00e5ndterer administratoren eller dens underleverand\u00f8rer, ogs\u00e5 for jagtklubber for at organisere jagten.<\/li>\n<li>Grundlaget for behandling af personoplysninger er \u00a7 6, stk. 1 lit. b Europa-Parlamentets og R\u00e5dets forordning (EU) 2016\/679 af 27. april 2016 om beskyttelse af fysiske personer i forbindelse med behandling af personoplysninger og om fri udveksling af s\u00e5danne oplysninger og om oph\u00e6velse af direktiv 95\/46\/EF (GDPR).<\/li>\n<li>Personlige data behandles i den periode, der er n\u00f8dvendig for at opn\u00e5 form\u00e5let af behandling som specificeret i afsnit 4 ovenfor, dvs. indtil afslutningen af jagtens tilrettel\u00e6ggelse, udsendning af aktuelle tilbud via e-mail eller analog, anmodninger om samarbejde og andre tjenester, der tilbydes af kontoret. Personoplysninger kan opbevares indtil udl\u00f8bet af gennemf\u00f8relsesperioden for ovenn\u00e6vnte m\u00e5l eller indtil den person, hvis personoplysninger det vedr\u00f8rer, g\u00f8r indsigelse.<\/li>\n<li>Den person, hvis personoplysninger behandles, har ret til at f\u00e5 adgang til, rette op, slette, begr\u00e6nse behandlingen, g\u00f8re indsigelse mod behandlingen og overf\u00f8re personoplysninger, forudsat at retten til at overf\u00f8re personoplysninger kun g\u00e6lder for data, der behandles p\u00e5 en automatiseret m\u00e5de.<\/li>\n<li>Den person, hvis personoplysninger behandles, har ret til at indgive en klage til Datatilsynet.<\/li>\n<li>Udlevering af personoplysninger er frivillig, men manglende udlevering vil resultere i ingen mulighed til at gennemf\u00f8re de handlinger, der er angivet ovenfor i afsnit 4 af disse oplysninger.<\/li>\n<\/ol>\n<\/div>\n<\/div><\/div><\/div><div id=\"pgc-1534-0-2\"  class=\"panel-grid-cell panel-grid-cell-empty\" ><\/div><\/div><\/div><\/div>","protected":false},"excerpt":{"rendered":"<p>&nbsp; Vi vil gerne meddele, at hvis du oplyser personlige data via kontaktformularen p\u00e5 hjemmesiden www.hubert-hunting.pl, www.facebook.com\/huberthunting eller via e-mail til en hvilken som helst adresse eller p\u00e5 anden elektronisk eller analog m\u00e5de, er data administratoren Biuro Polowan Hubert-Hunting ul. Zakopia\u0144ska 40, 78-500 Drawsko Pom. Nuv\u00e6rende kontaktoplysninger kan findes p\u00e5 hjemmesiden\u00a0 www.hubert-hunting.pl Hjemmesiden www.hubert-hunting.pl automatisk [&hellip;]<\/p>\n","protected":false},"author":1,"featured_media":0,"parent":0,"menu_order":0,"comment_status":"closed","ping_status":"closed","template":"","meta":{"footnotes":""},"class_list":["post-1534","page","type-page","status-publish","hentry"],"aioseo_notices":[],"_links":{"self":[{"href":"https:\/\/hubert-hunting.pl\/index.php\/wp-json\/wp\/v2\/pages\/1534","targetHints":{"allow":["GET"]}}],"collection":[{"href":"https:\/\/hubert-hunting.pl\/index.php\/wp-json\/wp\/v2\/pages"}],"about":[{"href":"https:\/\/hubert-hunting.pl\/index.php\/wp-json\/wp\/v2\/types\/page"}],"author":[{"embeddable":true,"href":"https:\/\/hubert-hunting.pl\/index.php\/wp-json\/wp\/v2\/users\/1"}],"replies":[{"embeddable":true,"href":"https:\/\/hubert-hunting.pl\/index.php\/wp-json\/wp\/v2\/comments?post=1534"}],"version-history":[{"count":7,"href":"https:\/\/hubert-hunting.pl\/index.php\/wp-json\/wp\/v2\/pages\/1534\/revisions"}],"predecessor-version":[{"id":20063,"href":"https:\/\/hubert-hunting.pl\/index.php\/wp-json\/wp\/v2\/pages\/1534\/revisions\/20063"}],"wp:attachment":[{"href":"https:\/\/hubert-hunting.pl\/index.php\/wp-json\/wp\/v2\/media?parent=1534"}],"curies":[{"name":"wp","href":"https:\/\/api.w.org\/{rel}","templated":true}]}}