{"id":1483,"date":"2018-05-28T13:10:37","date_gmt":"2018-05-28T11:10:37","guid":{"rendered":"https:\/\/hubert-hunting.pl\/?page_id=1483"},"modified":"2018-05-28T13:15:28","modified_gmt":"2018-05-28T11:15:28","slug":"jagt-perioder","status":"publish","type":"page","link":"https:\/\/hubert-hunting.pl\/index.php\/jagt-perioder\/?lang=da","title":{"rendered":"Jagt perioder"},"content":{"rendered":"<div id=\"pl-1483\"  class=\"panel-layout\" ><div id=\"pg-1483-0\"  class=\"panel-grid panel-has-style\" ><div style=\"padding: 100px 0; \" class=\"panel-row-style panel-row-style-for-1483-0\" ><div id=\"pgc-1483-0-0\"  class=\"panel-grid-cell\" ><div id=\"panel-1483-0-0-0\" class=\"so-panel widget widget_sow-editor panel-first-child panel-last-child\" data-index=\"0\" ><div\n\t\t\t\n\t\t\tclass=\"so-widget-sow-editor so-widget-sow-editor-base\"\n\t\t\t\n\t\t>\n<div class=\"siteorigin-widget-tinymce textwidget\">\n\t<h2 style=\"margin-bottom: 0px !important;\"><\/h2>\n<h2 style=\"margin-bottom: 0px !important; text-align: center;\">Jagt perioder<\/h2>\n<\/div>\n<\/div><\/div><\/div><\/div><\/div><div id=\"pg-1483-1\"  class=\"panel-grid panel-has-style\" ><div style=\"padding: 100px 0; \" class=\"panel-row-style panel-row-style-for-1483-1\" ><div id=\"pgc-1483-1-0\"  class=\"panel-grid-cell panel-grid-cell-empty\" ><\/div><div id=\"pgc-1483-1-1\"  class=\"panel-grid-cell\" ><div id=\"panel-1483-1-1-0\" class=\"so-panel widget widget_sow-editor panel-first-child panel-last-child\" data-index=\"1\" ><div\n\t\t\t\n\t\t\tclass=\"so-widget-sow-editor so-widget-sow-editor-base\"\n\t\t\t\n\t\t>\n<div class=\"siteorigin-widget-tinymce textwidget\">\n\t<p style=\"text-align: center;\"><img loading=\"lazy\" decoding=\"async\" class=\"aligncenter wp-image-248 size-full\" src=\"https:\/\/hubert-hunting.pl\/wp-content\/uploads\/2015\/06\/hubert_03.png\" alt=\"hubert_03\" width=\"99\" height=\"99\" \/><\/p>\n<p style=\"text-align: center;\"><strong>Kronvild<\/strong><br \/>\n<strong>Hjorte:<\/strong> 21 august - til slutningen af februar<br \/>\n<strong>Hind:<\/strong> 1 september - 15 januar<br \/>\n<strong>Kalv:<\/strong> 1 september - slutningen af februar<\/p>\n<\/div>\n<\/div><\/div><\/div><div id=\"pgc-1483-1-2\"  class=\"panel-grid-cell\" ><div id=\"panel-1483-1-2-0\" class=\"so-panel widget widget_sow-editor panel-first-child panel-last-child\" data-index=\"2\" ><div\n\t\t\t\n\t\t\tclass=\"so-widget-sow-editor so-widget-sow-editor-base\"\n\t\t\t\n\t\t>\n<div class=\"siteorigin-widget-tinymce textwidget\">\n\t<p style=\"text-align: center;\"><img loading=\"lazy\" decoding=\"async\" class=\"alignnone wp-image-249 size-full\" src=\"https:\/\/hubert-hunting.pl\/wp-content\/uploads\/2015\/06\/hubert_05.png\" alt=\"hubert_05\" width=\"101\" height=\"99\" \/><\/p>\n<p style=\"text-align: center;\"><strong>D\u00e5vildt<\/strong><br \/>\n<strong>Hjorte:<\/strong> 1 september  - 31 januar<br \/>\n<strong>D\u00e5:<\/strong> 1 september- 15 januar<br \/>\n<strong>Kalv:<\/strong> 1 september  - 31 januar<\/p>\n<\/div>\n<\/div><\/div><\/div><div id=\"pgc-1483-1-3\"  class=\"panel-grid-cell panel-grid-cell-mobile-last\" ><div id=\"panel-1483-1-3-0\" class=\"so-panel widget widget_sow-editor panel-first-child panel-last-child\" data-index=\"3\" ><div\n\t\t\t\n\t\t\tclass=\"so-widget-sow-editor so-widget-sow-editor-base\"\n\t\t\t\n\t\t>\n<div class=\"siteorigin-widget-tinymce textwidget\">\n\t<p style=\"text-align: center;\"><img loading=\"lazy\" decoding=\"async\" class=\"alignnone wp-image-250 size-full\" src=\"https:\/\/hubert-hunting.pl\/wp-content\/uploads\/2015\/06\/hubert_07.png\" alt=\"hubert_07\" width=\"99\" height=\"99\" \/><\/p>\n<p style=\"text-align: center;\"><strong>R\u00e5vildt<\/strong><br \/>\n<strong>R\u00e5buk: <\/strong>11 maj \u2014 30 september<br \/>\n<strong>R\u00e5 og lam:<\/strong> 1 oktober - 15 januar<\/p>\n<\/div>\n<\/div><\/div><\/div><div id=\"pgc-1483-1-4\"  class=\"panel-grid-cell panel-grid-cell-empty\" ><\/div><\/div><\/div><div id=\"pg-1483-2\"  class=\"panel-grid panel-has-style\" ><div style=\"padding: 100px 0; \" class=\"panel-row-style panel-row-style-for-1483-2\" ><div id=\"pgc-1483-2-0\"  class=\"panel-grid-cell panel-grid-cell-empty\" ><\/div><div id=\"pgc-1483-2-1\"  class=\"panel-grid-cell\" ><div id=\"panel-1483-2-1-0\" class=\"so-panel widget widget_sow-editor panel-first-child panel-last-child\" data-index=\"4\" ><div\n\t\t\t\n\t\t\tclass=\"so-widget-sow-editor so-widget-sow-editor-base\"\n\t\t\t\n\t\t>\n<div class=\"siteorigin-widget-tinymce textwidget\">\n\t<p style=\"text-align: center;\"><img loading=\"lazy\" decoding=\"async\" class=\"alignnone wp-image-251 size-full\" src=\"https:\/\/hubert-hunting.pl\/wp-content\/uploads\/2015\/06\/hubert_12.png\" alt=\"hubert_12\" width=\"99\" height=\"100\" \/><\/p>\n<p style=\"text-align: center;\"><strong>VILDSVINE<\/strong><\/p>\n<p style=\"text-align: center;\">Hele \u00e5ret<\/p>\n<\/div>\n<\/div><\/div><\/div><div id=\"pgc-1483-2-2\"  class=\"panel-grid-cell\" ><div id=\"panel-1483-2-2-0\" class=\"so-panel widget widget_sow-editor panel-first-child panel-last-child\" data-index=\"5\" ><div\n\t\t\t\n\t\t\tclass=\"so-widget-sow-editor so-widget-sow-editor-base\"\n\t\t\t\n\t\t>\n<div class=\"siteorigin-widget-tinymce textwidget\">\n\t<p style=\"text-align: center;\"><a href=\"https:\/\/hubert-hunting.pl\/wp-content\/uploads\/2015\/06\/hubert_13.png\" class=\"thickbox no_icon\"><img loading=\"lazy\" decoding=\"async\" class=\"alignnone size-full wp-image-252\" src=\"https:\/\/hubert-hunting.pl\/wp-content\/uploads\/2015\/06\/hubert_13.png\" alt=\"hubert_13\" width=\"101\" height=\"100\" \/><\/a><\/p>\n<p style=\"text-align: center;\"><strong>GR\u00c6VLINGE<\/strong><\/p>\n<p style=\"text-align: center;\">1 september \u2014 30 november<\/p>\n<\/div>\n<\/div><\/div><\/div><div id=\"pgc-1483-2-3\"  class=\"panel-grid-cell panel-grid-cell-mobile-last\" ><div id=\"panel-1483-2-3-0\" class=\"so-panel widget widget_sow-editor panel-first-child panel-last-child\" data-index=\"6\" ><div\n\t\t\t\n\t\t\tclass=\"so-widget-sow-editor so-widget-sow-editor-base\"\n\t\t\t\n\t\t>\n<div class=\"siteorigin-widget-tinymce textwidget\">\n\t<p style=\"text-align: center;\"><img loading=\"lazy\" decoding=\"async\" class=\"alignnone wp-image-253 size-full\" src=\"https:\/\/hubert-hunting.pl\/wp-content\/uploads\/2015\/06\/hubert_14.png\" alt=\"hubert_14\" width=\"99\" height=\"100\" \/><\/p>\n<p style=\"text-align: center;\"><strong>R\u00c6VE<\/strong><\/p>\n<p style=\"text-align: center;\">1 august \u2014 31 marts<\/p>\n<\/div>\n<\/div><\/div><\/div><div id=\"pgc-1483-2-4\"  class=\"panel-grid-cell panel-grid-cell-empty\" ><\/div><\/div><\/div><div id=\"pg-1483-3\"  class=\"panel-grid panel-has-style\" ><div style=\"padding: 100px 0; \" class=\"panel-row-style panel-row-style-for-1483-3\" ><div id=\"pgc-1483-3-0\"  class=\"panel-grid-cell panel-grid-cell-empty\" ><\/div><div id=\"pgc-1483-3-1\"  class=\"panel-grid-cell\" ><div id=\"panel-1483-3-1-0\" class=\"so-panel widget widget_sow-editor panel-first-child panel-last-child\" data-index=\"7\" ><div\n\t\t\t\n\t\t\tclass=\"so-widget-sow-editor so-widget-sow-editor-base\"\n\t\t\t\n\t\t>\n<div class=\"siteorigin-widget-tinymce textwidget\">\n\t<p style=\"text-align: center;\"><img loading=\"lazy\" decoding=\"async\" class=\"alignnone wp-image-254 size-full\" src=\"https:\/\/hubert-hunting.pl\/wp-content\/uploads\/2015\/06\/hubert_18.png\" alt=\"hubert_18\" width=\"99\" height=\"99\" \/><\/p>\n<p style=\"text-align: center;\"><strong>M\u00c5RHUNDE<\/strong><\/p>\n<p style=\"text-align: center;\">hele \u00e5ret<\/p>\n<\/div>\n<\/div><\/div><\/div><div id=\"pgc-1483-3-2\"  class=\"panel-grid-cell panel-grid-cell-empty\" ><\/div><div id=\"pgc-1483-3-3\"  class=\"panel-grid-cell panel-grid-cell-empty panel-grid-cell-mobile-last\" ><\/div><div id=\"pgc-1483-3-4\"  class=\"panel-grid-cell panel-grid-cell-empty\" ><\/div><\/div><\/div><\/div>","protected":false},"excerpt":{"rendered":"<p>Jagt perioder Kronvild Hjorte: 21 august &#8211; til slutningen af februar Hind: 1 september &#8211; 15 januar Kalv: 1 september &#8211; slutningen af februar D\u00e5vildt Hjorte: 1 september &#8211; 31 januar D\u00e5: 1 september- 15 januar Kalv: 1 september &#8211; 31 januar R\u00e5vildt R\u00e5buk: 11 maj \u2014 30 september R\u00e5 og lam: 1 oktober &#8211; [&hellip;]<\/p>\n","protected":false},"author":1,"featured_media":0,"parent":0,"menu_order":0,"comment_status":"closed","ping_status":"closed","template":"","meta":{"footnotes":""},"class_list":["post-1483","page","type-page","status-publish","hentry"],"aioseo_notices":[],"_links":{"self":[{"href":"https:\/\/hubert-hunting.pl\/index.php\/wp-json\/wp\/v2\/pages\/1483","targetHints":{"allow":["GET"]}}],"collection":[{"href":"https:\/\/hubert-hunting.pl\/index.php\/wp-json\/wp\/v2\/pages"}],"about":[{"href":"https:\/\/hubert-hunting.pl\/index.php\/wp-json\/wp\/v2\/types\/page"}],"author":[{"embeddable":true,"href":"https:\/\/hubert-hunting.pl\/index.php\/wp-json\/wp\/v2\/users\/1"}],"replies":[{"embeddable":true,"href":"https:\/\/hubert-hunting.pl\/index.php\/wp-json\/wp\/v2\/comments?post=1483"}],"version-history":[{"count":9,"href":"https:\/\/hubert-hunting.pl\/index.php\/wp-json\/wp\/v2\/pages\/1483\/revisions"}],"predecessor-version":[{"id":1493,"href":"https:\/\/hubert-hunting.pl\/index.php\/wp-json\/wp\/v2\/pages\/1483\/revisions\/1493"}],"wp:attachment":[{"href":"https:\/\/hubert-hunting.pl\/index.php\/wp-json\/wp\/v2\/media?parent=1483"}],"curies":[{"name":"wp","href":"https:\/\/api.w.org\/{rel}","templated":true}]}}