{"id":1472,"date":"2018-05-28T13:08:03","date_gmt":"2018-05-28T11:08:03","guid":{"rendered":"https:\/\/hubert-hunting.pl\/?page_id=1472"},"modified":"2018-05-28T13:09:24","modified_gmt":"2018-05-28T11:09:24","slug":"drivjagt","status":"publish","type":"page","link":"https:\/\/hubert-hunting.pl\/index.php\/drivjagt\/?lang=da","title":{"rendered":"Drivjagt"},"content":{"rendered":"<div id=\"pl-1472\"  class=\"panel-layout\" ><div id=\"pg-1472-0\"  class=\"panel-grid panel-has-style\" ><div style=\"padding: 100px 0; \" class=\"panel-row-style panel-row-style-for-1472-0\" ><div id=\"pgc-1472-0-0\"  class=\"panel-grid-cell panel-grid-cell-empty\" ><\/div><div id=\"pgc-1472-0-1\"  class=\"panel-grid-cell\" ><div id=\"panel-1472-0-1-0\" class=\"so-panel widget widget_sow-editor panel-first-child panel-last-child\" data-index=\"0\" ><div\n\t\t\t\n\t\t\tclass=\"so-widget-sow-editor so-widget-sow-editor-base\"\n\t\t\t\n\t\t>\n<div class=\"siteorigin-widget-tinymce textwidget\">\n\t<h2 style=\"text-align: left;\"><\/h2>\n<h2 style=\"text-align: left;\">Drivjagt<\/h2>\n<p>De organiseres fra den 1. oktober til den 15. januar. Vores jagtomr\u00e5der omfatter r\u00e5vildt, d\u00e5vildt, kronvildt og vildsvin. Drivjagt er generelt baseret p\u00e5 jagt med hunde. Vi tilbyder nogle veluddannede hunde til s\u00f8gning.<br \/>\nDit jagt eventyr starter med eftermiddagens ankomst til jagtrevieret. Derefter skal du m\u00f8de vores pfofessionelle: polske rejseguider-tolke og  ledere for at arrangere alle de n\u00f8dvendige detaljer af jagten og vi viser jagt betingelser til vores j\u00e6gere. Jagten selv starter normalt kl. 8 om morgenen; Begyndelsen ledsages af jagtsignaler og orientering vedr. jagt sikkerhedsregler i udf\u00f8relsen af jagt. Morgenjagten varer normalt op til 12:00 og indeholder mindst 4 til 5 drev.  Det er altid et varmt m\u00e5ltid. ca. 12:00 Klokken 12:30 igen jagt, og den varer indtil ca. kl. 16.00 afh\u00e6ngigt af vejret og slutter ogs\u00e5 med jagtsignaler.: Derefter kommer en konge-vice konge ceremoni, og j\u00e6gerne kommer tilbage til deres lokaler.<\/p>\n<p>For 14-personers grupper og faste kunder kan vi give tilbud.<br \/>\nDet er ogs\u00e5 muligt at arrangere en separat jagt kun efter vilde \u00e6nder og fugle efter aftale med vores bureau.<\/p>\n<p><strong>Jagt prisliste:<\/strong><\/p>\n<p><strong>\"Af jagtbureauet Hubert-Hunting\"<\/strong> \u2013 omkostninger af indkvarteringen + nedlagte dyr if\u00f8lge vores prisliste<br \/>\neller<br \/>\n<strong>\"Jagt fast pris betaling\"<\/strong> \u2013 omkostninger af indkvarteringen og organisationen af jagten, de nedlagte dyr er inkludert i prisen (prisen aftales inden der udgives en vouche med indehaveren af jagtmarken og de interesserede j\u00e6gere.<\/p>\n<p><strong>Organisationen af jagten omfatter:<\/strong><\/p>\n<ul>\n<li>- forberedelse og lukning af jagtmarken,<\/li>\n<li>- dokumentation, voucher, jagt licens,<\/li>\n<li>- forsikring af det n\u00f8dvendig antal drivere og jagthunde,<\/li>\n<li>- n\u00f8dvendig transport under jagten,<\/li>\n<li>- varm mad, h\u00f8jtidelige annoncering af jagtens konge og uddeling af souvenirs til kongen og vice-kongen af jagten,<\/li>\n<li>- forberedelse og evaluering af trof\u00e6er,<\/li>\n<li>- varmt  m\u00e5ltid i l\u00f8bet af jagten i naturen.<\/li>\n<\/ul>\n<p>J\u00e6gere interreseret i jagten sender en ans\u00f8gning via e-mail vedr\u00f8rende sine forventninger af jagten. Svarene kan f\u00e5r telefonisk eller via en ans\u00f8gningskema p\u00e5 vores internetside <a href=\"http:\/\/www.hubert-hunting.pl\/index.php\/zamowienie-polowania\/?lang=da\">www.hubert-hunting.pl<\/a> eller p\u00e5 vores facebook <a href=\"http:\/\/www.facebook.com\/huberthunting\">www.facebook.com\/huberthunting<\/a>.<\/p>\n<p>Prisforslaget baseres p\u00e5 den aktuelle prisliste for s\u00e6sonen. Jagtbureauet Hubert-Hunting g\u00e5r igennem ans\u00f8gningen og freml\u00e6gger jagtmarker, indkvartering samt hele prisen for jagten og opholdet for j\u00e6gere og ledsagere.<\/p>\n<p>Efter at have modtaget et positivt svar vedr\u00f8rende tilbuddet vil organisatoren give et konto nummer for en forudbetaling. Efter modtagelsen af pengene og listen af deltagere udgiver vi en voucher til at tage p\u00e5 jagt.<\/p>\n<p>Forliget mellem burauet, j\u00e6gere og lejeren af jagtmarken er baseret p\u00e5 en skriftlige protokol udgjort lige efter jagten og prislisten p\u00e5 det nuv\u00e6rende jagts\u00e6son.<\/p>\n<p>Vi har nogle udvalgte og testede jagtmarker med store m\u00e6gnder af dyr, ansvarlige og erfarne disponenter af terr\u00e6ner. <\/p>\n<p>Vi udarbejder ogs\u00e5 specielle forslag og tilbud baseret p\u00e5 vores g\u00e6sternes ans\u00f8gninger.<\/p>\n<p>Ogs\u00e5 hvis det er n\u00f8dvendigt kan vi afhente vores g\u00e6ster fra lufthavnen eller fra et bestemt sted i Polen efter der bedes om tjenesten.<\/p>\n<\/div>\n<\/div><\/div><\/div><div id=\"pgc-1472-0-2\"  class=\"panel-grid-cell panel-grid-cell-mobile-last\" ><div id=\"panel-1472-0-2-0\" class=\"so-panel widget widget_sow-editor panel-first-child panel-last-child\" data-index=\"1\" ><div class=\"panel-widget-style panel-widget-style-for-1472-0-2-0\" ><div\n\t\t\t\n\t\t\tclass=\"so-widget-sow-editor so-widget-sow-editor-base\"\n\t\t\t\n\t\t>\n<div class=\"siteorigin-widget-tinymce textwidget\">\n\t<div style=\"margin-top: 50px;\">\n<p style=\"text-align: center;\"><img loading=\"lazy\" decoding=\"async\" class=\"wp-image-248 size-full alignleft\" src=\"https:\/\/hubert-hunting.pl\/wp-content\/uploads\/2015\/06\/hubert_03.png\" alt=\"hubert_03\" width=\"99\" height=\"99\" \/><\/p>\n<p style=\"text-align: left;\"><strong>Kronvild<\/strong><br \/>\n<strong>Hjorte:<\/strong> 21 august - til slutningen af februar<br \/>\n<strong>Hind:<\/strong> 1 september - 15 januar<br \/>\n<strong>Kalv:<\/strong> 1 september - slutningen af februar<\/p>\n<\/div>\n<div style=\"margin-top: 50px; text-align: left; clear: both;\">\n<p style=\"text-align: center;\"><img loading=\"lazy\" decoding=\"async\" class=\" wp-image-249 size-full alignleft\" src=\"https:\/\/hubert-hunting.pl\/wp-content\/uploads\/2015\/06\/hubert_05.png\" alt=\"hubert_05\" width=\"101\" height=\"99\" \/><\/p>\n<p style=\"text-align: left;\"><strong>D\u00e5vildt<\/strong><br \/>\n<strong>Hjorte:<\/strong> 1 september  - 31 januar<br \/>\n<strong>D\u00e5:<\/strong> 1 september- 15 januar<br \/>\n<strong>Kalv:<\/strong> 1 september  - 31 januar<\/p>\n<\/div>\n<div style=\"margin-top: 50px; text-align: left; clear: both;\">\n<p style=\"text-align: center;\"><img loading=\"lazy\" decoding=\"async\" class=\" wp-image-250 size-full alignleft\" src=\"https:\/\/hubert-hunting.pl\/wp-content\/uploads\/2015\/06\/hubert_07.png\" alt=\"hubert_07\" width=\"99\" height=\"99\" \/><\/p>\n<p style=\"text-align: left;\"><strong>R\u00e5vildt<\/strong><br \/>\n<strong>R\u00e5buk: <\/strong>11 maj \u2014 30 september<br \/>\n<strong>R\u00e5 og lam:<\/strong> 1 oktober - 15 januar<\/p>\n<\/div>\n<div style=\"margin-top: 50px; text-align: left; clear: both;\">\n<p style=\"text-align: center;\"><img loading=\"lazy\" decoding=\"async\" class=\" wp-image-251 size-full alignleft\" src=\"https:\/\/hubert-hunting.pl\/wp-content\/uploads\/2015\/06\/hubert_12.png\" alt=\"hubert_12\" width=\"99\" height=\"100\" \/><\/p>\n<p style=\"text-align: left;\"><strong>VILDSVINE<\/strong><br \/>\nHele \u00e5ret<\/p>\n<\/div>\n<div style=\"margin-top: 70px; text-align: left; clear: both;\">\n<p style=\"text-align: center;\"><img loading=\"lazy\" decoding=\"async\" class=\" size-full wp-image-252 alignleft\" src=\"https:\/\/hubert-hunting.pl\/wp-content\/uploads\/2015\/06\/hubert_13.png\" alt=\"hubert_13\" width=\"101\" height=\"100\" \/><\/p>\n<p style=\"text-align: left;\"><strong>GR\u00c6VLINGE<\/strong><br \/>\n1 september \u2014 30 november<\/p>\n<p style=\"text-align: left;\">\n<\/div>\n<div style=\"margin-top: 70px; text-align: left; clear: both;\">\n<p style=\"text-align: center;\"><img loading=\"lazy\" decoding=\"async\" class=\" wp-image-253 alignleft\" src=\"https:\/\/hubert-hunting.pl\/wp-content\/uploads\/2015\/06\/hubert_14.png\" alt=\"hubert_14\" width=\"98\" height=\"99\" \/><\/p>\n<p style=\"text-align: left;\"><strong>R\u00c6VE<br \/>\n<\/strong>1 august \u2014 31 marts<\/p>\n<\/div>\n<div style=\"margin-top: 70px; margin-bottom: 50px; text-align: left; clear: both;\">\n<p style=\"text-align: center;\"><img loading=\"lazy\" decoding=\"async\" class=\" wp-image-254 size-full alignleft\" src=\"https:\/\/hubert-hunting.pl\/wp-content\/uploads\/2015\/06\/hubert_18.png\" alt=\"hubert_18\" width=\"99\" height=\"99\" \/><\/p>\n<p style=\"text-align: left;\"><strong>M\u00c5RHUNDE<br \/>\n<\/strong>hele \u00e5ret<\/p>\n<p style=\"text-align: left;\">\n<\/div>\n<\/div>\n<\/div><\/div><\/div><\/div><div id=\"pgc-1472-0-3\"  class=\"panel-grid-cell panel-grid-cell-empty\" ><\/div><\/div><\/div><div id=\"pg-1472-1\"  class=\"panel-grid panel-has-style\" ><div style=\"padding: 100px 0; \" class=\"panel-row-style panel-row-style-for-1472-1\" ><div id=\"pgc-1472-1-0\"  class=\"panel-grid-cell\" ><div id=\"panel-1472-1-0-0\" class=\"so-panel widget widget_sow-editor panel-first-child panel-last-child\" data-index=\"2\" ><div class=\"panel-widget-style panel-widget-style-for-1472-1-0-0\" ><div\n\t\t\t\n\t\t\tclass=\"so-widget-sow-editor so-widget-sow-editor-base\"\n\t\t\t\n\t\t>\n<div class=\"siteorigin-widget-tinymce textwidget\">\n\t<h2 style=\"text-align: center;\"><span style=\"color: #ffffff;\">Det er tid til jagt.<\/span><br \/>\n<span style=\"color: #ffffff;\">Vent ikke.<\/span><\/h2>\n<p style=\"text-align: center;\"><a class=\"roll-button button-slider\" href=\".\/index.php\/zamowienie-polowania\/?lang=da\">Kom med os.<\/a><\/p>\n<\/div>\n<\/div><\/div><\/div><\/div><\/div><\/div><\/div>","protected":false},"excerpt":{"rendered":"<p>Drivjagt De organiseres fra den 1. oktober til den 15. januar. Vores jagtomr\u00e5der omfatter r\u00e5vildt, d\u00e5vildt, kronvildt og vildsvin. Drivjagt er generelt baseret p\u00e5 jagt med hunde. Vi tilbyder nogle veluddannede hunde til s\u00f8gning. Dit jagt eventyr starter med eftermiddagens ankomst til jagtrevieret. Derefter skal du m\u00f8de vores pfofessionelle: polske rejseguider-tolke og ledere for at [&hellip;]<\/p>\n","protected":false},"author":1,"featured_media":0,"parent":0,"menu_order":0,"comment_status":"closed","ping_status":"closed","template":"","meta":{"footnotes":""},"class_list":["post-1472","page","type-page","status-publish","hentry"],"aioseo_notices":[],"_links":{"self":[{"href":"https:\/\/hubert-hunting.pl\/index.php\/wp-json\/wp\/v2\/pages\/1472","targetHints":{"allow":["GET"]}}],"collection":[{"href":"https:\/\/hubert-hunting.pl\/index.php\/wp-json\/wp\/v2\/pages"}],"about":[{"href":"https:\/\/hubert-hunting.pl\/index.php\/wp-json\/wp\/v2\/types\/page"}],"author":[{"embeddable":true,"href":"https:\/\/hubert-hunting.pl\/index.php\/wp-json\/wp\/v2\/users\/1"}],"replies":[{"embeddable":true,"href":"https:\/\/hubert-hunting.pl\/index.php\/wp-json\/wp\/v2\/comments?post=1472"}],"version-history":[{"count":9,"href":"https:\/\/hubert-hunting.pl\/index.php\/wp-json\/wp\/v2\/pages\/1472\/revisions"}],"predecessor-version":[{"id":1482,"href":"https:\/\/hubert-hunting.pl\/index.php\/wp-json\/wp\/v2\/pages\/1472\/revisions\/1482"}],"wp:attachment":[{"href":"https:\/\/hubert-hunting.pl\/index.php\/wp-json\/wp\/v2\/media?parent=1472"}],"curies":[{"name":"wp","href":"https:\/\/api.w.org\/{rel}","templated":true}]}}