{"id":1461,"date":"2018-05-28T12:41:47","date_gmt":"2018-05-28T10:41:47","guid":{"rendered":"https:\/\/hubert-hunting.pl\/?page_id=1461"},"modified":"2018-05-28T13:02:49","modified_gmt":"2018-05-28T11:02:49","slug":"individuel-jagt","status":"publish","type":"page","link":"https:\/\/hubert-hunting.pl\/index.php\/individuel-jagt\/?lang=da","title":{"rendered":"Individuel jagt"},"content":{"rendered":"<div id=\"pl-1461\"  class=\"panel-layout\" ><div id=\"pg-1461-0\"  class=\"panel-grid panel-has-style\" ><div style=\"padding: 100px 0; \" class=\"panel-row-style panel-row-style-for-1461-0\" ><div id=\"pgc-1461-0-0\"  class=\"panel-grid-cell panel-grid-cell-empty\" ><\/div><div id=\"pgc-1461-0-1\"  class=\"panel-grid-cell\" ><div id=\"panel-1461-0-1-0\" class=\"so-panel widget widget_sow-editor panel-first-child panel-last-child\" data-index=\"0\" ><div\n\t\t\t\n\t\t\tclass=\"so-widget-sow-editor so-widget-sow-editor-base\"\n\t\t\t\n\t\t>\n<div class=\"siteorigin-widget-tinymce textwidget\">\n\t<h2 style=\"text-align: left;\"><\/h2>\n<h2 style=\"text-align: left;\">Individuel jagt<\/h2>\n<p>Individuel\u00a0 jagt foreg\u00e5r i skydet\u00e5rn el. p\u00fcrsh.\u00a0 J\u00e6geren er altid ledsaget af en polsk j\u00e6ger, der kender jagtmarken.<\/p>\n<p>Vi tilbyder hver j\u00e6ger minimum 3 dage af indivuel jagt - 6 udgange, i tilf\u00e6lde af\u00a0 r\u00e5dvild jagt og mindst 4 dage- 8 udgange i tilf\u00e6lde af d\u00e5vildt og kronvildt jagt.<\/p>\n<p>For 4-5 personers grupper og faste kunder kan vi give tilbud.<\/p>\n<p>Vi kan ogs\u00e5 forl\u00e6nge jagten afh\u00e6ngigt af kundernes \u00f8nsker.<\/p>\n<p>Jagt eventyret starter med ankomsten af j\u00e6gere til kvarteren bedst om eftermiddagen. Vi organiserer m\u00f8det med en guide-tolken og de polske ledere. Aftensmaden er f\u00f8r eller efter jagten. Afh\u00e6ngigt af ordren er der ogs\u00e5 en aftens udgang p\u00e5 jagten. De n\u00e6ste dage er morgens og aftens udgange p\u00e5 jagte. Den sidste dage skal j\u00e6gere af sted efter morgenmad, protokolen og vejning af trof\u00e6er if\u00f8lge de polske regler. Trof\u00e6ernes v\u00e6gt fra morgens jagt bliver estimeret vurderet.<\/p>\n<p><strong>R\u00e5buk<\/strong><\/p>\n<p>Jagter starter fra den 11 maj og slutter den 30 september. De bedste datoer er fra den 11 maj til den 16 juni og fra den 25 juli til den 5 august.\u00a0 Vi tilbyder p\u00fcrch skydet\u00e5rn og kalde jagt. R\u00e5buk i den f\u00f8rste aldersklasse, anden aldersklasse og \u00e6ldere bukke. Tof\u00e6er af r\u00e5buken er opsatsen. Udgifterne af jagten bestemmes af prislisten p\u00e5 jagts\u00e6sonen. Jagt p\u00e5 r\u00e5buk, tilbyder vi minimum 3 dages jagt. Det kan ogs\u00e5 v\u00e6re l\u00e6ngere afh\u00e6ngigt af \u00f8nsket.<\/p>\n<h3>Kronhjorte<\/h3>\n<p align=\"LEFT\">Jagtens dato er fra 21 august til 28 februar. Det bedste tidspunkt for jagt af hjorte\u00a0 er i brunst ca. fra 5 september til den 5 oktober. Vi tilbyder p\u00fcrch og skydet\u00e5rn og kalde jagt. Af hjorte i den f\u00f8rste aldersklasse, anden aldersklasse, tredje aldersklass og \u00e6ldere hjorte. Trof\u00e6et er\u00a0 geviret. I tilf\u00e6lde af jagt p\u00e5 hjorte tyre tilbyder vi minimum 4 dages jagt. Det kan ogs\u00e5 forl\u00e6nges afh\u00e6ngigt af \u00f8nsket.<\/p>\n<h3 align=\"LEFT\">D\u00e5hjort<\/h3>\n<p align=\"JUSTIFY\">Jagtes fra den 1 september  til den 28 februar. Den bedste periode er brunsttid ca. Oktober. Trof\u00e6et er  geviret. I tilf\u00e6lde af d\u00e5hjort jagt tilbyder vi minimum af 4 dages jagt. Det kan ogs\u00e5 forl\u00e6nges afh\u00e6ngigt af \u00f8nsket.<\/p>\n<h3 align=\"JUSTIFY\">Alle vildsvine<\/h3>\n<p align=\"JUSTIFY\">Jagtes hele \u00e5ret. Vi tilbyder p\u00fcrch og skydet\u00e5rn. Trof\u00e6et af vilsvinet er t\u00e6nderne.  Tidpunkt for jagt er best i l\u00f8bet af fuldm\u00e5ne eller 4-5 dage f\u00f8r fuldm\u00e5ne.<\/p>\n<h3 align=\"JUSTIFY\">Vi tilbyder ogs\u00e5 jagt p\u00e5 hinder + kalve, d\u00e5er + kalve, r\u00e5er+ lam og rovdyr<\/h3>\n<p align=\"JUSTIFY\">Formen af jagten v\u00e6lges af j\u00e6geren men den anbefalede form afh\u00e6nger af typen af jagtmarken og dyrearter. Jagt aktiviteter foreg\u00e5r i m\u00e5nederne fra 1 september til 15 januar.<\/p>\n<h3 align=\"JUSTIFY\"><b>Tilbud omfatter:<\/b><\/h3>\n<p style=\"padding-left: 30px;\">- lukning af jagtmarken,<\/p>\n<p style=\"padding-left: 30px;\">- dokumentation, voucher, jagt licens,<\/p>\n<p style=\"padding-left: 30px;\">- organisation af jagten,<\/p>\n<p style=\"padding-left: 30px;\">- sikring af en leder til hver j\u00e6ger,<\/p>\n<p style=\"padding-left: 30px;\">- forberedelse og evaluering af trof\u00e6er,<\/p>\n<p style=\"padding-left: 30px;\">- transport i jagtmarken,<\/p>\n<p style=\"padding-left: 30px;\">- indkvartering og m\u00e5ltider.<\/p>\n<div style=\"clear: both; height: 25px;\"><\/div>\n<p><strong>Bem\u00e6rk! En individuel jagt er tilg\u00e6ngelig til grupper med op til 5 j\u00e6gere jagende samtidigt i jagtmarken.<\/strong><\/p>\n<p>J\u00e6gere interreseret i jagten sender en ans\u00f8gning via e-mail <a href=\"mailto:biuro@hubert-hunting.pl\">biuro@hubert-hunting.pl<\/a> vedr\u00f8rende sine forventninger af jagten. Svarene kan f\u00e5r telefonisk eller via en ans\u00f8gningskema p\u00e5 vores internetside <a href=\"http:\/\/www.hubert-hunting.pl\">www.hubert-hunting.pl<\/a> eller p\u00e5 vores facebook <a href=\"http:\/\/www.facebook.com\/huberthunting\">www.facebook.com\/huberthunting<\/a>.<\/p>\n<div style=\"clear: both; height: 8px;\"><\/div>\n<p><strong>Prisforslaget laves baseret p\u00e5 prislisten til jagts\u00e6sonen.<\/strong><\/p>\n<div style=\"clear: both; height: 8px;\"><\/div>\n<p><strong>Jagtbureauet Hubert-Hunting<\/strong> gennem\u00e5r jagt \u00f8nsker. Foresl\u00e5r revir ophold og priser.<\/p>\n<div style=\"clear: both; height: 15px;\"><\/div>\n<p>Efter at have modtaget et positivt svar vedr\u00f8rende tilbuddet vil organisatoren give et konto nummer for en forudbetaling. Efter modtagelsen af pengene og listen af deltagere udgiver vi en voucher til at tage p\u00e5 jagt.<\/p>\n<p>Forliget mellem burauet, j\u00e6gere og lejeren af jagtmarken er baseret p\u00e5 en skriftlige protokol udgjort lige efter jagten og prislisten p\u00e5 det nuv\u00e6rende jagts\u00e6son.<\/p>\n<p>Vi har nogle udvalgte og testede jagtmarker med store m\u00e6gnder af dyre, ansvarlige og erfarne j\u00e6gere af terr\u00e6ner. <\/p>\n<p>Vi udarbejder ogs\u00e5 specielle forslag og tilbud baseret p\u00e5 vores g\u00e6sternes ans\u00f8gninger.<\/p>\n<p>Ogs\u00e5 hvis det er n\u00f8dvendigt kan vi afhente vores g\u00e6ster fra lufthavnen eller fra et bestemt sted i Polen efter der bedes om tjenesten.<\/p>\n<\/div>\n<\/div><\/div><\/div><div id=\"pgc-1461-0-2\"  class=\"panel-grid-cell panel-grid-cell-mobile-last\" ><div id=\"panel-1461-0-2-0\" class=\"so-panel widget widget_sow-editor panel-first-child panel-last-child\" data-index=\"1\" ><div class=\"panel-widget-style panel-widget-style-for-1461-0-2-0\" ><div\n\t\t\t\n\t\t\tclass=\"so-widget-sow-editor so-widget-sow-editor-base\"\n\t\t\t\n\t\t>\n<div class=\"siteorigin-widget-tinymce textwidget\">\n\t<div style=\"margin-top: 50px;\">\n<p style=\"text-align: center;\"><img loading=\"lazy\" decoding=\"async\" class=\"wp-image-248 size-full alignleft\" src=\"https:\/\/hubert-hunting.pl\/wp-content\/uploads\/2015\/06\/hubert_03.png\" alt=\"hubert_03\" width=\"99\" height=\"99\" \/><\/p>\n<p style=\"text-align: left;\"><strong>Kronvild<\/strong><br \/>\n<strong>Hjorte:<\/strong> 21 august - til slutningen af februar<br \/>\n<strong>Hind:<\/strong> 1 september - 15 januar<br \/>\n<strong>Kalv:<\/strong> 1 september - slutningen af februar<\/p>\n<\/div>\n<div style=\"margin-top: 50px; text-align: left; clear: both;\">\n<p style=\"text-align: center;\"><img loading=\"lazy\" decoding=\"async\" class=\" wp-image-249 size-full alignleft\" src=\"https:\/\/hubert-hunting.pl\/wp-content\/uploads\/2015\/06\/hubert_05.png\" alt=\"hubert_05\" width=\"101\" height=\"99\" \/><\/p>\n<p style=\"text-align: left;\"><strong>D\u00e5vildt<\/strong><br \/>\n<strong>Hjorte:<\/strong> 1 september  - 31 januar<br \/>\n<strong>D\u00e5:<\/strong> 1 september- 15 januar<br \/>\n<strong>Kalv:<\/strong> 1 september  - 31 januar<\/p>\n<\/div>\n<div style=\"margin-top: 50px; text-align: left; clear: both;\">\n<p style=\"text-align: center;\"><img loading=\"lazy\" decoding=\"async\" class=\" wp-image-250 size-full alignleft\" src=\"https:\/\/hubert-hunting.pl\/wp-content\/uploads\/2015\/06\/hubert_07.png\" alt=\"hubert_07\" width=\"99\" height=\"99\" \/><\/p>\n<p style=\"text-align: left;\"><strong>R\u00e5vildt<\/strong><br \/>\n<strong>R\u00e5buk: <\/strong>11 maj \u2014 30 september<br \/>\n<strong>R\u00e5 og lam:<\/strong> 1 oktober - 15 januar<\/p>\n<\/div>\n<div style=\"margin-top: 50px; text-align: left; clear: both;\">\n<p style=\"text-align: center;\"><img loading=\"lazy\" decoding=\"async\" class=\" wp-image-251 size-full alignleft\" src=\"https:\/\/hubert-hunting.pl\/wp-content\/uploads\/2015\/06\/hubert_12.png\" alt=\"hubert_12\" width=\"99\" height=\"100\" \/><\/p>\n<p style=\"text-align: left;\"><strong>VILDSVINE<\/strong><br \/>\nHele \u00e5ret<\/p>\n<\/div>\n<div style=\"margin-top: 70px; text-align: left; clear: both;\">\n<p style=\"text-align: center;\"><img loading=\"lazy\" decoding=\"async\" class=\" size-full wp-image-252 alignleft\" src=\"https:\/\/hubert-hunting.pl\/wp-content\/uploads\/2015\/06\/hubert_13.png\" alt=\"hubert_13\" width=\"101\" height=\"100\" \/><\/p>\n<p style=\"text-align: left;\"><strong>GR\u00c6VLINGE<\/strong><br \/>\n1 september \u2014 30 november<\/p>\n<p style=\"text-align: left;\">\n<\/div>\n<div style=\"margin-top: 70px; text-align: left; clear: both;\">\n<p style=\"text-align: center;\"><img loading=\"lazy\" decoding=\"async\" class=\" wp-image-253 alignleft\" src=\"https:\/\/hubert-hunting.pl\/wp-content\/uploads\/2015\/06\/hubert_14.png\" alt=\"hubert_14\" width=\"98\" height=\"99\" \/><\/p>\n<p style=\"text-align: left;\"><strong>R\u00c6VE<br \/>\n<\/strong>1 august \u2014 31 marts<\/p>\n<\/div>\n<div style=\"margin-top: 70px; margin-bottom: 50px; text-align: left; clear: both;\">\n<p style=\"text-align: center;\"><img loading=\"lazy\" decoding=\"async\" class=\" wp-image-254 size-full alignleft\" src=\"https:\/\/hubert-hunting.pl\/wp-content\/uploads\/2015\/06\/hubert_18.png\" alt=\"hubert_18\" width=\"99\" height=\"99\" \/><\/p>\n<p style=\"text-align: left;\"><strong>M\u00c5RHUNDE<br \/>\n<\/strong>hele \u00e5ret<\/p>\n<p style=\"text-align: left;\">\n<\/div>\n<\/div>\n<\/div><\/div><\/div><\/div><div id=\"pgc-1461-0-3\"  class=\"panel-grid-cell panel-grid-cell-empty\" ><\/div><\/div><\/div><div id=\"pg-1461-1\"  class=\"panel-grid panel-has-style\" ><div style=\"padding: 100px 0; \" class=\"panel-row-style panel-row-style-for-1461-1\" ><div id=\"pgc-1461-1-0\"  class=\"panel-grid-cell\" ><div id=\"panel-1461-1-0-0\" class=\"so-panel widget widget_sow-editor panel-first-child panel-last-child\" data-index=\"2\" ><div class=\"panel-widget-style panel-widget-style-for-1461-1-0-0\" ><div\n\t\t\t\n\t\t\tclass=\"so-widget-sow-editor so-widget-sow-editor-base\"\n\t\t\t\n\t\t>\n<div class=\"siteorigin-widget-tinymce textwidget\">\n\t<h2 style=\"text-align: center;\"><span style=\"color: #ffffff;\">Det er tid til jagt.<\/span><br \/>\n<span style=\"color: #ffffff;\">Vent ikke.<\/span><\/h2>\n<p style=\"text-align: center;\"><a class=\"roll-button button-slider\" href=\".\/index.php\/zamowienie-polowania\/?lang=da\">Kom med os.<\/a><\/p>\n<\/div>\n<\/div><\/div><\/div><\/div><\/div><\/div><\/div>","protected":false},"excerpt":{"rendered":"<p>Individuel jagt Individuel\u00a0 jagt foreg\u00e5r i skydet\u00e5rn el. p\u00fcrsh.\u00a0 J\u00e6geren er altid ledsaget af en polsk j\u00e6ger, der kender jagtmarken. Vi tilbyder hver j\u00e6ger minimum 3 dage af indivuel jagt &#8211; 6 udgange, i tilf\u00e6lde af\u00a0 r\u00e5dvild jagt og mindst 4 dage- 8 udgange i tilf\u00e6lde af d\u00e5vildt og kronvildt jagt. For 4-5 personers grupper [&hellip;]<\/p>\n","protected":false},"author":1,"featured_media":0,"parent":0,"menu_order":0,"comment_status":"closed","ping_status":"closed","template":"","meta":{"footnotes":""},"class_list":["post-1461","page","type-page","status-publish","hentry"],"aioseo_notices":[],"_links":{"self":[{"href":"https:\/\/hubert-hunting.pl\/index.php\/wp-json\/wp\/v2\/pages\/1461","targetHints":{"allow":["GET"]}}],"collection":[{"href":"https:\/\/hubert-hunting.pl\/index.php\/wp-json\/wp\/v2\/pages"}],"about":[{"href":"https:\/\/hubert-hunting.pl\/index.php\/wp-json\/wp\/v2\/types\/page"}],"author":[{"embeddable":true,"href":"https:\/\/hubert-hunting.pl\/index.php\/wp-json\/wp\/v2\/users\/1"}],"replies":[{"embeddable":true,"href":"https:\/\/hubert-hunting.pl\/index.php\/wp-json\/wp\/v2\/comments?post=1461"}],"version-history":[{"count":9,"href":"https:\/\/hubert-hunting.pl\/index.php\/wp-json\/wp\/v2\/pages\/1461\/revisions"}],"predecessor-version":[{"id":1471,"href":"https:\/\/hubert-hunting.pl\/index.php\/wp-json\/wp\/v2\/pages\/1461\/revisions\/1471"}],"wp:attachment":[{"href":"https:\/\/hubert-hunting.pl\/index.php\/wp-json\/wp\/v2\/media?parent=1461"}],"curies":[{"name":"wp","href":"https:\/\/api.w.org\/{rel}","templated":true}]}}