{"id":1453,"date":"2018-05-28T12:33:49","date_gmt":"2018-05-28T10:33:49","guid":{"rendered":"https:\/\/hubert-hunting.pl\/?page_id=1453"},"modified":"2018-05-28T12:34:12","modified_gmt":"2018-05-28T10:34:12","slug":"polowania-ryczaltowe","status":"publish","type":"page","link":"https:\/\/hubert-hunting.pl\/index.php\/polowania-ryczaltowe\/?lang=da","title":{"rendered":"Fast pris betaling"},"content":{"rendered":"<div id=\"pl-1453\"  class=\"panel-layout\" ><div id=\"pg-1453-0\"  class=\"panel-grid panel-has-style\" ><div style=\"padding: 100px 0; \" class=\"panel-row-style panel-row-style-for-1453-0\" ><div id=\"pgc-1453-0-0\"  class=\"panel-grid-cell panel-grid-cell-empty\" ><\/div><div id=\"pgc-1453-0-1\"  class=\"panel-grid-cell panel-grid-cell-mobile-last\" ><div id=\"panel-1453-0-1-0\" class=\"so-panel widget widget_sow-editor panel-first-child panel-last-child\" data-index=\"0\" ><div\n\t\t\t\n\t\t\tclass=\"so-widget-sow-editor so-widget-sow-editor-base\"\n\t\t\t\n\t\t>\n<div class=\"siteorigin-widget-tinymce textwidget\">\n\t<h3><strong>Fast pris\u00a0 betaling <\/strong><\/h3>\n<p>Vi kan ogs\u00e5 arrangere individuel le og drivjagt betalt i et engangsbel\u00f8b. Betingelser af s\u00e5dan en jagt og prisen bliver aftalt inden der ugives en voucher med indehaveren af jagtmarken og de interesserede j\u00e6gere. Det sker n\u00e5r vores bureau bliver ans\u00f8gt.<\/p>\n<p>&nbsp;<\/p>\n<\/div>\n<\/div><\/div><\/div><div id=\"pgc-1453-0-2\"  class=\"panel-grid-cell panel-grid-cell-empty\" ><\/div><\/div><\/div><div id=\"pg-1453-1\"  class=\"panel-grid panel-has-style\" ><div style=\"padding: 100px 0; \" class=\"panel-row-style panel-row-style-for-1453-1\" ><div id=\"pgc-1453-1-0\"  class=\"panel-grid-cell\" ><div id=\"panel-1453-1-0-0\" class=\"so-panel widget widget_sow-editor panel-first-child panel-last-child\" data-index=\"1\" ><div class=\"panel-widget-style panel-widget-style-for-1453-1-0-0\" ><div\n\t\t\t\n\t\t\tclass=\"so-widget-sow-editor so-widget-sow-editor-base\"\n\t\t\t\n\t\t>\n<div class=\"siteorigin-widget-tinymce textwidget\">\n\t<h2 style=\"text-align: center;\"><span style=\"color: #ffffff;\">Det er tid til jagt.<\/span><br \/>\n<span style=\"color: #ffffff;\">Vent ikke.<\/span><\/h2>\n<p style=\"text-align: center;\"><a class=\"roll-button button-slider\" href=\".\/index.php\/zamowienie-polowania\/?lang=da\">Kom med os.<\/a><\/p>\n<\/div>\n<\/div><\/div><\/div><\/div><\/div><\/div><\/div>","protected":false},"excerpt":{"rendered":"<p>Fast pris\u00a0 betaling Vi kan ogs\u00e5 arrangere individuel le og drivjagt betalt i et engangsbel\u00f8b. Betingelser af s\u00e5dan en jagt og prisen bliver aftalt inden der ugives en voucher med indehaveren af jagtmarken og de interesserede j\u00e6gere. Det sker n\u00e5r vores bureau bliver ans\u00f8gt. &nbsp; Det er tid til jagt. Vent ikke. Kom med os.<\/p>\n","protected":false},"author":1,"featured_media":0,"parent":0,"menu_order":0,"comment_status":"closed","ping_status":"closed","template":"","meta":{"footnotes":""},"class_list":["post-1453","page","type-page","status-publish","hentry"],"aioseo_notices":[],"_links":{"self":[{"href":"https:\/\/hubert-hunting.pl\/index.php\/wp-json\/wp\/v2\/pages\/1453","targetHints":{"allow":["GET"]}}],"collection":[{"href":"https:\/\/hubert-hunting.pl\/index.php\/wp-json\/wp\/v2\/pages"}],"about":[{"href":"https:\/\/hubert-hunting.pl\/index.php\/wp-json\/wp\/v2\/types\/page"}],"author":[{"embeddable":true,"href":"https:\/\/hubert-hunting.pl\/index.php\/wp-json\/wp\/v2\/users\/1"}],"replies":[{"embeddable":true,"href":"https:\/\/hubert-hunting.pl\/index.php\/wp-json\/wp\/v2\/comments?post=1453"}],"version-history":[{"count":6,"href":"https:\/\/hubert-hunting.pl\/index.php\/wp-json\/wp\/v2\/pages\/1453\/revisions"}],"predecessor-version":[{"id":1459,"href":"https:\/\/hubert-hunting.pl\/index.php\/wp-json\/wp\/v2\/pages\/1453\/revisions\/1459"}],"wp:attachment":[{"href":"https:\/\/hubert-hunting.pl\/index.php\/wp-json\/wp\/v2\/media?parent=1453"}],"curies":[{"name":"wp","href":"https:\/\/api.w.org\/{rel}","templated":true}]}}