{"id":1436,"date":"2018-05-25T15:45:50","date_gmt":"2018-05-25T13:45:50","guid":{"rendered":"https:\/\/hubert-hunting.pl\/?page_id=1436"},"modified":"2018-05-28T12:30:09","modified_gmt":"2018-05-28T10:30:09","slug":"tilbud-om-samarbejde","status":"publish","type":"page","link":"https:\/\/hubert-hunting.pl\/index.php\/tilbud-om-samarbejde\/?lang=da","title":{"rendered":"Tilbud om samarbejde"},"content":{"rendered":"<div id=\"pl-1436\"  class=\"panel-layout\" ><div id=\"pg-1436-0\"  class=\"panel-grid panel-has-style\" ><div style=\"padding: 100px 0; \" class=\"panel-row-style panel-row-style-for-1436-0\" ><div id=\"pgc-1436-0-0\"  class=\"panel-grid-cell\" ><div id=\"panel-1436-0-0-0\" class=\"so-panel widget widget_sow-editor panel-first-child panel-last-child\" data-index=\"0\" ><div\n\t\t\t\n\t\t\tclass=\"so-widget-sow-editor so-widget-sow-editor-base\"\n\t\t\t\n\t\t>\n<div class=\"siteorigin-widget-tinymce textwidget\">\n\t<p>&nbsp;<\/p>\n<h2 style=\"text-align: center;\"><\/h2>\n<h2 style=\"text-align: center;\">Tilbud om samarbejde<\/h2>\n<p style=\"text-align: center;\" align=\"JUSTIFY\"><strong>Jagtbureauet Hubert-Hunting inviterer til at opn\u00e5 samarbejde indenfor salg af jagte.<br \/>\nHvis i er interesseret i tilbud om individuel jagt p\u00e5 kronvildt, r\u00e5vildt, d\u00e5vildt, vildsvin og drivjagt tilbud bedes i at kontakte os.<br \/>\nVi garanterer \u00e6rlighed, professionel service, tidlig afregning af tilgodehavender og retf\u00e6rdigt samarbejde.<\/strong><\/p>\n<p>&nbsp;<\/p>\n<\/div>\n<\/div><\/div><\/div><\/div><\/div><div id=\"pg-1436-1\"  class=\"panel-grid panel-has-style\" ><div style=\"padding: 100px 0; \" class=\"panel-row-style panel-row-style-for-1436-1\" ><div id=\"pgc-1436-1-0\"  class=\"panel-grid-cell panel-grid-cell-empty\" ><\/div><div id=\"pgc-1436-1-1\"  class=\"panel-grid-cell\" ><div id=\"panel-1436-1-1-0\" class=\"so-panel widget widget_black-studio-tinymce widget_black_studio_tinymce panel-first-child panel-last-child\" data-index=\"1\" ><div class=\"textwidget\"><p><a href=\".\/index.php\/polowania-indywidualne\/?lang=da\"><img loading=\"lazy\" decoding=\"async\" class=\"aligncenter wp-image-106\" src=\"https:\/\/hubert-hunting.pl\/wp-content\/uploads\/2015\/06\/ico_indywidualne.png\" alt=\"\" width=\"90\" height=\"90\" \/><\/a><\/p>\n<h6 class=\"widget-title\" style=\"text-align: center;\"><a href=\".\/index.php\/polowania-indywidualne\/?lang=da\">Individuel jagt<\/a><\/h6>\n<p style=\"text-align: center;\">Tilbud af jagt rettet til kr\u00e6vende jagter. Hvert aspekt af individuel jagt er tilpasset til dine behov. Ved at v\u00e6lge dette tilbud f\u00e5r du lige pr\u00e6cis det, som du forventer.<\/p>\n<\/div><\/div><\/div><div id=\"pgc-1436-1-2\"  class=\"panel-grid-cell\" ><div id=\"panel-1436-1-2-0\" class=\"so-panel widget widget_black-studio-tinymce widget_black_studio_tinymce panel-first-child panel-last-child\" data-index=\"2\" ><div class=\"textwidget\"><p><a href=\".\/index.php\/polowania-zbiorowe\/?lang=da\"><img loading=\"lazy\" decoding=\"async\" class=\" wp-image-104 size-full aligncenter\" src=\"https:\/\/hubert-hunting.pl\/wp-content\/uploads\/2015\/06\/ico_zbiorowe.png\" alt=\"\" width=\"90\" height=\"90\" \/><\/a><\/p>\n<h6 class=\"widget-title\" style=\"text-align: center;\"><a href=\".\/index.php\/polowania-zbiorowe\/?lang=da\">Drivjagt<\/a><\/h6>\n<p style=\"text-align: center;\">Kan du lide at g\u00e5 p\u00e5 jagt sammen med andre? V\u00e6lg et gruppetilbud, hvor du kan nyde sp\u00e6ndende jagt sammen med dine venner. Der findes ikke noget bedre end en aften snak om det afsluttede jagt mens man sidder ved pejsen.<\/p>\n<\/div><\/div><\/div><div id=\"pgc-1436-1-3\"  class=\"panel-grid-cell panel-grid-cell-mobile-last\" ><div id=\"panel-1436-1-3-0\" class=\"so-panel widget widget_black-studio-tinymce widget_black_studio_tinymce panel-first-child panel-last-child\" data-index=\"3\" ><div class=\"textwidget\"><p><a href=\".\/index.php\/polowania-ryczaltowe\/?lang=da\"><img loading=\"lazy\" decoding=\"async\" class=\" wp-image-104 size-full aligncenter\" src=\"https:\/\/hubert-hunting.pl\/wp-content\/uploads\/2015\/06\/ico_ryczalt.png\" alt=\"\" width=\"90\" height=\"90\" \/><\/a><\/p>\n<h6 class=\"widget-title\" style=\"text-align: center;\"><a href=\".\/index.php\/polowania-ryczaltowe\/?lang=da\">Fast pris jagt<\/a><\/h6>\n<p style=\"text-align: center;\">Betal en gang og jag s\u00e5 meget som du vil i et bestemt periode. Du har det bedste jagtomr\u00e5der, de bedste vejledere og utrolige m\u00e6ngder af dyre.<\/p>\n<\/div><\/div><\/div><div id=\"pgc-1436-1-4\"  class=\"panel-grid-cell panel-grid-cell-empty\" ><\/div><\/div><\/div><div id=\"pg-1436-2\"  class=\"panel-grid panel-has-style\" ><div style=\"padding: 100px 0; \" class=\"panel-row-style panel-row-style-for-1436-2\" ><div id=\"pgc-1436-2-0\"  class=\"panel-grid-cell\" ><div id=\"panel-1436-2-0-0\" class=\"so-panel widget widget_black-studio-tinymce widget_black_studio_tinymce panel-first-child panel-last-child\" data-index=\"4\" ><div class=\"textwidget\"><p>&nbsp;<\/p>\n<p style=\"text-align: center;\"><a class=\"roll-button button-slider\" href=\".\/index.php\/zamowienie-polowania\/?lang=da\">Udfyld bestillingssedlen af jagten<\/a><\/p>\n<p>&nbsp;<\/p>\n<\/div><\/div><\/div><\/div><\/div><\/div>","protected":false},"excerpt":{"rendered":"<p>&nbsp; Tilbud om samarbejde Jagtbureauet Hubert-Hunting inviterer til at opn\u00e5 samarbejde indenfor salg af jagte. Hvis i er interesseret i tilbud om individuel jagt p\u00e5 kronvildt, r\u00e5vildt, d\u00e5vildt, vildsvin og drivjagt tilbud bedes i at kontakte os. Vi garanterer \u00e6rlighed, professionel service, tidlig afregning af tilgodehavender og retf\u00e6rdigt samarbejde. &nbsp; Individuel jagt Tilbud af jagt [&hellip;]<\/p>\n","protected":false},"author":1,"featured_media":0,"parent":0,"menu_order":0,"comment_status":"closed","ping_status":"closed","template":"","meta":{"footnotes":""},"class_list":["post-1436","page","type-page","status-publish","hentry"],"aioseo_notices":[],"_links":{"self":[{"href":"https:\/\/hubert-hunting.pl\/index.php\/wp-json\/wp\/v2\/pages\/1436","targetHints":{"allow":["GET"]}}],"collection":[{"href":"https:\/\/hubert-hunting.pl\/index.php\/wp-json\/wp\/v2\/pages"}],"about":[{"href":"https:\/\/hubert-hunting.pl\/index.php\/wp-json\/wp\/v2\/types\/page"}],"author":[{"embeddable":true,"href":"https:\/\/hubert-hunting.pl\/index.php\/wp-json\/wp\/v2\/users\/1"}],"replies":[{"embeddable":true,"href":"https:\/\/hubert-hunting.pl\/index.php\/wp-json\/wp\/v2\/comments?post=1436"}],"version-history":[{"count":15,"href":"https:\/\/hubert-hunting.pl\/index.php\/wp-json\/wp\/v2\/pages\/1436\/revisions"}],"predecessor-version":[{"id":1452,"href":"https:\/\/hubert-hunting.pl\/index.php\/wp-json\/wp\/v2\/pages\/1436\/revisions\/1452"}],"wp:attachment":[{"href":"https:\/\/hubert-hunting.pl\/index.php\/wp-json\/wp\/v2\/media?parent=1436"}],"curies":[{"name":"wp","href":"https:\/\/api.w.org\/{rel}","templated":true}]}}